{"id":6133,"date":"2020-11-16T16:43:50","date_gmt":"2020-11-16T15:43:50","guid":{"rendered":"http:\/\/layout.casa-de-coca.com\/layout\/about\/"},"modified":"2023-03-03T13:06:58","modified_gmt":"2023-03-03T12:06:58","slug":"our-story","status":"publish","type":"page","link":"https:\/\/casa-de-coca.com\/es\/our-story\/","title":{"rendered":"Our Story"},"content":{"rendered":"<div class=\"wpb-content-wrapper\"><p>[vc_row][vc_column]\n\t\t\t<!-- START about REVOLUTION SLIDER 6.7.35 --><p class=\"rs-p-wp-fix\"><\/p>\n\t\t\t<rs-module-wrap id=\"rev_slider_18_1_wrapper\" data-source=\"gallery\" style=\"visibility:hidden;background:rgba(0,0,0,0);padding:0;\">\n\t\t\t\t<rs-module id=\"rev_slider_18_1\" style=\"\" data-version=\"6.7.35\">\n\t\t\t\t\t<rs-slides style=\"overflow: hidden; position: absolute;\">\n\t\t\t\t\t\t<rs-slide style=\"position: absolute;\" data-key=\"rs-29\" data-title=\"Slide\" data-anim=\"adpr:false;ms:600;\" data-in=\"o:0;\" data-out=\"a:false;\">\n\t\t\t\t\t\t\t<img decoding=\"async\" src=\"\/\/casa-de-coca.com\/wp-content\/plugins\/revslider\/sr6\/assets\/assets\/dummy.png\" alt=\"\" title=\"casa-de-coca-slider-about\" width=\"1920\" height=\"1100\" class=\"rev-slidebg tp-rs-img rs-lazyload\" data-lazyload=\"\/\/casa-de-coca.com\/wp-content\/uploads\/2021\/03\/casa-de-coca-slider-about-1.jpg\" data-parallax=\"9\" data-no-retina>\n<!--\n\t\t\t\t\t\t\t--><rs-layer\n\t\t\t\t\t\t\t\tid=\"slider-18-slide-29-layer-2\" \n\t\t\t\t\t\t\t\tdata-type=\"image\"\n\t\t\t\t\t\t\t\tdata-rsp_ch=\"on\"\n\t\t\t\t\t\t\t\tdata-xy=\"x:c;yo:432px,247px,174px,107px;\"\n\t\t\t\t\t\t\t\tdata-text=\"w:normal;s:20,11,7,4;l:0,14,9,6;\"\n\t\t\t\t\t\t\t\tdata-dim=\"w:1014px,580px,410px,252px;h:183px,104px,73px,45px;\"\n\t\t\t\t\t\t\t\tdata-frame_999=\"o:0;st:w;\"\n\t\t\t\t\t\t\t\tstyle=\"z-index:7;\"\n\t\t\t\t\t\t\t><img decoding=\"async\" src=\"\/\/casa-de-coca.com\/wp-content\/plugins\/revslider\/sr6\/assets\/assets\/dummy.png\" alt=\"\" class=\"tp-rs-img rs-lazyload\" width=\"1200\" height=\"217\" data-lazyload=\"\/\/casa-de-coca.com\/wp-content\/uploads\/2020\/11\/casa-de-coca-logo-claim-slider.png\" data-no-retina> \n\t\t\t\t\t\t\t<\/rs-layer><!--\n-->\t\t\t\t\t<\/rs-slide>\n\t\t\t\t\t<\/rs-slides>\n\t\t\t\t<\/rs-module>\n\t\t\t\t<script>\n\t\t\t\t\tsetREVStartSize({c: 'rev_slider_18_1',rl:[1240,1024,778,480],el:[1100,670,950,500],gw:[1920,1100,778,480],gh:[1100,670,950,500],type:'standard',justify:'',layout:'fullscreen',offsetContainer:'.touch .mkd-mobile-header',offset:'',mh:\"0\"});if (window.RS_MODULES!==undefined && window.RS_MODULES.modules!==undefined && window.RS_MODULES.modules[\"revslider181\"]!==undefined) {window.RS_MODULES.modules[\"revslider181\"].once = false;window.revapi18 = undefined;if (window.RS_MODULES.checkMinimal!==undefined) window.RS_MODULES.checkMinimal()}\n\t\t\t\t<\/script>\n\t\t\t<\/rs-module-wrap>\n\t\t\t<!-- END REVOLUTION SLIDER -->\n[\/vc_column][\/vc_row][vc_row row_content_width=\u00bbgrid\u00bb][vc_column][vc_empty_space height=\u00bb80px\u00bb][vc_column_text]<\/p>\n<h2>Casa De Coca<\/h2>\n<p>&nbsp;<\/p>\n<p>Los tesoros de Per\u00fa, su gente y su espectacular naturaleza son la inspiraci\u00f3n para las creaciones de Casa De Coca y est\u00e1n al origen del desarrollo de sus fragancias. Con los tres perfumes Chasqui, Paq&#8217;os, Noche de Coca se inicia el lanzamiento de la marca Casa De Coca, que apunta interpretar el universo m\u00edstico de los Andes. Las creaciones son un homenaje a la magia de la hoja y animan a descubrir ese mundo. Las fragancias fueron creadas por uno de los creadores de perfumes m\u00e1s reconocidos.<\/p>\n<p>&nbsp;<\/p>\n<p>Casa De Coca usa aceites selectos para la creaci\u00f3n de sus perfumes, los cuales se fusionan en una manufactura francesa Grasse, centro de la Haute Parfumerie. Los aceites contienen elementos de la tradici\u00f3n Inca, como el aceite de pimienta rosa, originario de Per\u00fa. Envasados a mano, el dise\u00f1o de los frascos culmina con un acabado precioso met\u00e1lico, que corresponde a la estructura natural de una hoja de coca. El color de cada frasco refleja el aura de los perfumes asociados.[\/vc_column_text][vc_empty_space height=\u00bb80px\u00bb][vc_row_inner][vc_column_inner width=\u00bb1\/2&#8243;][vc_single_image image=\u00bb6647&#8243; img_size=\u00bbfull\u00bb alignment=\u00bbright\u00bb][\/vc_column_inner][vc_column_inner width=\u00bb1\/2&#8243; css=\u00bb.vc_custom_1605281446649{padding-top: 6% !important;}\u00bb][vc_column_text]<\/p>\n<h2>FUNDADORA Beatrice Graf<\/h2>\n<p>&nbsp;<\/p>\n<p>La fundadora de Casa De Coca es la alemana-peruana Beatrice Graf. Habiendo crecido en ambas culturas, hoy en dia vive en M\u00fanich y ocupa el puesto de Senior Editor en VOGUE.<\/p>\n<p>&nbsp;<\/p>\n<p>El deseo de traducir la historia de los Inca en fragancias, culmin\u00f3 en la colaboraci\u00f3n con el perfumista Bertrand Duchaufour. Conjuntos emprendieron los caminos de los Inca para ese proyecto muy personal. Debido a sus v\u00ednculos con el pa\u00eds, Casa De Coca apoya varias iniciativas centradas en el ambito de la educaci\u00f3n.[\/vc_column_text][\/vc_column_inner][\/vc_row_inner][vc_empty_space height=\u00bb80px\u00bb][vc_row_inner][vc_column_inner width=\u00bb1\/2&#8243;][vc_single_image image=\u00bb6648&#8243; img_size=\u00bbfull\u00bb alignment=\u00bbright\u00bb][\/vc_column_inner][vc_column_inner width=\u00bb1\/2&#8243; css=\u00bb.vc_custom_1605281446649{padding-top: 6% !important;}\u00bb][vc_column_text]<\/p>\n<h2>Parfumeur Bertrand Duchaufour<\/h2>\n<p>&nbsp;<\/p>\n<p>El reconocido perfumista franc\u00e9s Bertrand Duchaufour es el responsable de la creaci\u00f3n de las fragancias. A trav\u00e9s de su trabajo para casas con renombre como Dior, Givenchy o incluso Comme des Gar\u00e7ons, Duchaufour destaca por su enfoque extravagante y polifac\u00e9tico.<\/p>\n<p>&nbsp;<\/p>\n<p>Para Casa De Coca, reinterpret\u00f3 al universo los Inca desde una visi\u00f3n moderna. La ciudadela de Machu Picchu y la construci\u00f3n de Sacsayhuam\u00e1n permanecen los destinos de viaje privilegiados de Bertrand Duchaufour desde su juventud. Como para su creadora, el proyecto es para Bertrand Duchaufour tambi\u00e9n muy personal.[\/vc_column_text][\/vc_column_inner][\/vc_row_inner][vc_empty_space height=\u00bb80px\u00bb][vc_row_inner][vc_column_inner width=\u00bb1\/2&#8243;][vc_single_image image=\u00bb6646&#8243; img_size=\u00bbfull\u00bb alignment=\u00bbright\u00bb][\/vc_column_inner][vc_column_inner width=\u00bb1\/2&#8243; css=\u00bb.vc_custom_1605281446649{padding-top: 6% !important;}\u00bb][vc_column_text]<\/p>\n<h2>DISE\u00d1ADOR Christian von der Heide<\/h2>\n<p>&nbsp;<\/p>\n<p>La apariencia de la marca, as\u00ed como el dise\u00f1o del envase, fueron realizados por el dise\u00f1ador Christian von der Heide.<\/p>\n<p>&nbsp;<\/p>\n<p>Las creaciones de Christian von der Heide tienen un lenguaje art\u00edstico muy sofisticado. Sus colaboraciones incluyen dise\u00f1os para Dita Von Teese Parfums, Mafalda von Hessen o Y3, la colaboraci\u00f3n entre Adidas y Yohji Yamamoto. Con Beatrice Graf lo une el inter\u00e9s por una est\u00e9tica especial e innovadora. A trav\u00e9s del proyecto con Casa De Coca su trabajo registra una nuevo hito.[\/vc_column_text][\/vc_column_inner][\/vc_row_inner][vc_empty_space height=\u00bb120px\u00bb][\/vc_column][\/vc_row][vc_row content_text_aligment=\u00bbcenter\u00bb css=\u00bb.vc_custom_1605637291271{margin-top: 0px !important;padding-top: 0px !important;padding-bottom: 0px !important;background-color: #94703b !important;}\u00bb][vc_column][vc_column_text]<\/p>\n<h5><span style=\"color: #ffffff;\">Suscr\u00edbase a nuestro bolet\u00edn<\/span><\/h5>\n<p>[\/vc_column_text]<div class=\"mkd-section-title-holder\" style=\"text-align: center\">\n\t\t\t\t<p class=\"mkd-st-text\" style=\"color: #ffffff;font-size: 30px;line-height: 45px\">Inspiraci\u00f3n del universo de Casa de Coca<\/p>\n\t<\/div>[vc_empty_space height=\u00bb60px\u00bb][\/vc_column][\/vc_row][vc_row content_text_aligment=\u00bbcenter\u00bb css=\u00bb.vc_custom_1609174435415{margin-top: 0px !important;padding-top: 0px !important;padding-bottom: 0px !important;}\u00bb][vc_column][vc_empty_space height=\u00bb20px\u00bb]<div class=\"mkd-elements-holder mkd-responsive-mode-768\" ><div class=\"mkd-eh-item mkd-horizontal-alignment-center\"  data-item-class=\"mkd-eh-custom-686465\" data-1280-1600=\"0 20%\" data-1024-1280=\"0 20%\" data-768-1024=\"0 10%\" data-600-768=\"0 5%\" data-480-600=\"0px\" data-480=\"0px\">\n\t<div class=\"mkd-eh-item-inner\">\n\t\t<div class=\"mkd-eh-item-content mkd-eh-custom-686465\" style=\"padding: 0 30%\">\n\t\t\t\n<div class=\"wpcf7 no-js\" id=\"wpcf7-f139-o1\" lang=\"de-DE\" dir=\"ltr\" data-wpcf7-id=\"139\">\n<div class=\"screen-reader-response\"><p role=\"status\" aria-live=\"polite\" aria-atomic=\"true\"><\/p> <ul><\/ul><\/div>\n<form action=\"\/es\/wp-json\/wp\/v2\/pages\/6133#wpcf7-f139-o1\" method=\"post\" class=\"wpcf7-form init cf7_custom_style_1 da8627b02d46 cmatic-conn cmatic-aud-1 cmatic-mapd0-0 cmatic-v0978 cmatic-sent-0 cmatic-total-107356\" aria-label=\"Kontaktformular\" novalidate=\"novalidate\" data-status=\"init\">\n<fieldset class=\"hidden-fields-container\"><input type=\"hidden\" name=\"_wpcf7\" value=\"139\" \/><input type=\"hidden\" name=\"_wpcf7_version\" value=\"6.1.5\" \/><input type=\"hidden\" name=\"_wpcf7_locale\" value=\"de_DE_formal\" \/><input type=\"hidden\" name=\"_wpcf7_unit_tag\" value=\"wpcf7-f139-o1\" \/><input type=\"hidden\" name=\"_wpcf7_container_post\" value=\"0\" \/><input type=\"hidden\" name=\"_wpcf7_posted_data_hash\" value=\"\" \/>\n<\/fieldset>\n<div class=\"mkd-newsletter clearfix\">\n\t<p><span class=\"wpcf7-form-control-wrap\" data-name=\"email\"><input size=\"40\" maxlength=\"100\" class=\"wpcf7-form-control wpcf7-email wpcf7-validates-as-required wpcf7-text wpcf7-validates-as-email\" aria-required=\"true\" aria-invalid=\"false\" placeholder=\"Email Address\" value=\"\" type=\"email\" name=\"email\" \/><\/span><input class=\"wpcf7-form-control wpcf7-submit has-spinner\" type=\"submit\" value=\"SUBSCRIBE\" \/>\n\t<\/p>\n<\/div><div class=\"wpcf7-response-output\" aria-hidden=\"true\"><\/div>\n<\/form>\n<\/div>\n\t\t<\/div>\n\t<\/div>\n<\/div><\/div>[vc_empty_space height=\u00bb10px\u00bb][\/vc_column][\/vc_row]<\/p>\n<\/div>","protected":false},"excerpt":{"rendered":"<p>[vc_row][vc_column][\/vc_column][\/vc_row][vc_row row_content_width=\u00bbgrid\u00bb][vc_column][vc_empty_space height=\u00bb80px\u00bb][vc_column_text] Casa De Coca &nbsp; Los tesoros de Per\u00fa, su gente y su espectacular naturaleza son la inspiraci\u00f3n para las creaciones de Casa De Coca y est\u00e1n al origen del desarrollo de sus fragancias. Con los tres perfumes [&hellip;]<\/p>\n","protected":false},"author":1,"featured_media":6647,"parent":0,"menu_order":0,"comment_status":"closed","ping_status":"closed","template":"full-width.php","meta":{"inline_featured_image":false,"footnotes":""},"class_list":["post-6133","page","type-page","status-publish","has-post-thumbnail","hentry"],"yoast_head":"<!-- This site is optimized with the Yoast SEO plugin v27.3 - https:\/\/yoast.com\/product\/yoast-seo-wordpress\/ -->\n<title>Our Story<\/title>\n<meta name=\"description\" content=\"Las mentes creativas detr\u00e1s de Casa De Coca, representando elegancia, dise\u00f1o innovador e inspiraci\u00f3n.\" \/>\n<meta name=\"robots\" content=\"index, follow, max-snippet:-1, max-image-preview:large, max-video-preview:-1\" \/>\n<link rel=\"canonical\" href=\"https:\/\/casa-de-coca.com\/es\/our-story\/\" \/>\n<meta property=\"og:locale\" content=\"es_ES\" \/>\n<meta property=\"og:type\" content=\"article\" \/>\n<meta property=\"og:title\" content=\"Our Story\" \/>\n<meta property=\"og:description\" content=\"Las mentes creativas detr\u00e1s de Casa De Coca, representando elegancia, dise\u00f1o innovador e inspiraci\u00f3n.\" \/>\n<meta property=\"og:url\" content=\"https:\/\/casa-de-coca.com\/es\/our-story\/\" \/>\n<meta property=\"og:site_name\" content=\"CASA DE COCA \u2013\" \/>\n<meta property=\"article:modified_time\" content=\"2023-03-03T12:06:58+00:00\" \/>\n<meta property=\"og:image\" content=\"https:\/\/casa-de-coca.com\/wp-content\/uploads\/2021\/04\/Casa-De-Coca-Parfum-Founder-Beatrice-Graf-2-scaled.jpeg\" \/>\n\t<meta property=\"og:image:width\" content=\"1920\" \/>\n\t<meta property=\"og:image:height\" content=\"2560\" \/>\n\t<meta property=\"og:image:type\" content=\"image\/jpeg\" \/>\n<meta name=\"twitter:card\" content=\"summary_large_image\" \/>\n<meta name=\"twitter:label1\" content=\"Tiempo de lectura\" \/>\n\t<meta name=\"twitter:data1\" content=\"3 minutos\" \/>\n<script type=\"application\/ld+json\" class=\"yoast-schema-graph\">{\"@context\":\"https:\\\/\\\/schema.org\",\"@graph\":[{\"@type\":\"WebPage\",\"@id\":\"https:\\\/\\\/casa-de-coca.com\\\/es\\\/our-story\\\/\",\"url\":\"https:\\\/\\\/casa-de-coca.com\\\/es\\\/our-story\\\/\",\"name\":\"Our Story\",\"isPartOf\":{\"@id\":\"https:\\\/\\\/casa-de-coca.com\\\/es\\\/#website\"},\"primaryImageOfPage\":{\"@id\":\"https:\\\/\\\/casa-de-coca.com\\\/es\\\/our-story\\\/#primaryimage\"},\"image\":{\"@id\":\"https:\\\/\\\/casa-de-coca.com\\\/es\\\/our-story\\\/#primaryimage\"},\"thumbnailUrl\":\"https:\\\/\\\/casa-de-coca.com\\\/wp-content\\\/uploads\\\/2021\\\/04\\\/Casa-De-Coca-Parfum-Founder-Beatrice-Graf-2-scaled.jpeg\",\"datePublished\":\"2020-11-16T15:43:50+00:00\",\"dateModified\":\"2023-03-03T12:06:58+00:00\",\"description\":\"Las mentes creativas detr\u00e1s de Casa De Coca, representando elegancia, dise\u00f1o innovador e inspiraci\u00f3n.\",\"breadcrumb\":{\"@id\":\"https:\\\/\\\/casa-de-coca.com\\\/es\\\/our-story\\\/#breadcrumb\"},\"inLanguage\":\"es\",\"potentialAction\":[{\"@type\":\"ReadAction\",\"target\":[\"https:\\\/\\\/casa-de-coca.com\\\/es\\\/our-story\\\/\"]}]},{\"@type\":\"ImageObject\",\"inLanguage\":\"es\",\"@id\":\"https:\\\/\\\/casa-de-coca.com\\\/es\\\/our-story\\\/#primaryimage\",\"url\":\"https:\\\/\\\/casa-de-coca.com\\\/wp-content\\\/uploads\\\/2021\\\/04\\\/Casa-De-Coca-Parfum-Founder-Beatrice-Graf-2-scaled.jpeg\",\"contentUrl\":\"https:\\\/\\\/casa-de-coca.com\\\/wp-content\\\/uploads\\\/2021\\\/04\\\/Casa-De-Coca-Parfum-Founder-Beatrice-Graf-2-scaled.jpeg\",\"width\":1920,\"height\":2560},{\"@type\":\"BreadcrumbList\",\"@id\":\"https:\\\/\\\/casa-de-coca.com\\\/es\\\/our-story\\\/#breadcrumb\",\"itemListElement\":[{\"@type\":\"ListItem\",\"position\":1,\"name\":\"Startseite\",\"item\":\"https:\\\/\\\/casa-de-coca.com\\\/es\\\/\"},{\"@type\":\"ListItem\",\"position\":2,\"name\":\"Our Story\"}]},{\"@type\":\"WebSite\",\"@id\":\"https:\\\/\\\/casa-de-coca.com\\\/es\\\/#website\",\"url\":\"https:\\\/\\\/casa-de-coca.com\\\/es\\\/\",\"name\":\"CASA DE COCA \u2013\",\"description\":\"Parfum of the Inka\",\"potentialAction\":[{\"@type\":\"SearchAction\",\"target\":{\"@type\":\"EntryPoint\",\"urlTemplate\":\"https:\\\/\\\/casa-de-coca.com\\\/es\\\/?s={search_term_string}\"},\"query-input\":{\"@type\":\"PropertyValueSpecification\",\"valueRequired\":true,\"valueName\":\"search_term_string\"}}],\"inLanguage\":\"es\"}]}<\/script>\n<!-- \/ Yoast SEO plugin. -->","yoast_head_json":{"title":"Our Story","description":"Las mentes creativas detr\u00e1s de Casa De Coca, representando elegancia, dise\u00f1o innovador e inspiraci\u00f3n.","robots":{"index":"index","follow":"follow","max-snippet":"max-snippet:-1","max-image-preview":"max-image-preview:large","max-video-preview":"max-video-preview:-1"},"canonical":"https:\/\/casa-de-coca.com\/es\/our-story\/","og_locale":"es_ES","og_type":"article","og_title":"Our Story","og_description":"Las mentes creativas detr\u00e1s de Casa De Coca, representando elegancia, dise\u00f1o innovador e inspiraci\u00f3n.","og_url":"https:\/\/casa-de-coca.com\/es\/our-story\/","og_site_name":"CASA DE COCA \u2013","article_modified_time":"2023-03-03T12:06:58+00:00","og_image":[{"width":1920,"height":2560,"url":"https:\/\/casa-de-coca.com\/wp-content\/uploads\/2021\/04\/Casa-De-Coca-Parfum-Founder-Beatrice-Graf-2-scaled.jpeg","type":"image\/jpeg"}],"twitter_card":"summary_large_image","twitter_misc":{"Tiempo de lectura":"3 minutos"},"schema":{"@context":"https:\/\/schema.org","@graph":[{"@type":"WebPage","@id":"https:\/\/casa-de-coca.com\/es\/our-story\/","url":"https:\/\/casa-de-coca.com\/es\/our-story\/","name":"Our Story","isPartOf":{"@id":"https:\/\/casa-de-coca.com\/es\/#website"},"primaryImageOfPage":{"@id":"https:\/\/casa-de-coca.com\/es\/our-story\/#primaryimage"},"image":{"@id":"https:\/\/casa-de-coca.com\/es\/our-story\/#primaryimage"},"thumbnailUrl":"https:\/\/casa-de-coca.com\/wp-content\/uploads\/2021\/04\/Casa-De-Coca-Parfum-Founder-Beatrice-Graf-2-scaled.jpeg","datePublished":"2020-11-16T15:43:50+00:00","dateModified":"2023-03-03T12:06:58+00:00","description":"Las mentes creativas detr\u00e1s de Casa De Coca, representando elegancia, dise\u00f1o innovador e inspiraci\u00f3n.","breadcrumb":{"@id":"https:\/\/casa-de-coca.com\/es\/our-story\/#breadcrumb"},"inLanguage":"es","potentialAction":[{"@type":"ReadAction","target":["https:\/\/casa-de-coca.com\/es\/our-story\/"]}]},{"@type":"ImageObject","inLanguage":"es","@id":"https:\/\/casa-de-coca.com\/es\/our-story\/#primaryimage","url":"https:\/\/casa-de-coca.com\/wp-content\/uploads\/2021\/04\/Casa-De-Coca-Parfum-Founder-Beatrice-Graf-2-scaled.jpeg","contentUrl":"https:\/\/casa-de-coca.com\/wp-content\/uploads\/2021\/04\/Casa-De-Coca-Parfum-Founder-Beatrice-Graf-2-scaled.jpeg","width":1920,"height":2560},{"@type":"BreadcrumbList","@id":"https:\/\/casa-de-coca.com\/es\/our-story\/#breadcrumb","itemListElement":[{"@type":"ListItem","position":1,"name":"Startseite","item":"https:\/\/casa-de-coca.com\/es\/"},{"@type":"ListItem","position":2,"name":"Our Story"}]},{"@type":"WebSite","@id":"https:\/\/casa-de-coca.com\/es\/#website","url":"https:\/\/casa-de-coca.com\/es\/","name":"CASA DE COCA \u2013","description":"Parfum of the Inka","potentialAction":[{"@type":"SearchAction","target":{"@type":"EntryPoint","urlTemplate":"https:\/\/casa-de-coca.com\/es\/?s={search_term_string}"},"query-input":{"@type":"PropertyValueSpecification","valueRequired":true,"valueName":"search_term_string"}}],"inLanguage":"es"}]}},"_links":{"self":[{"href":"https:\/\/casa-de-coca.com\/es\/wp-json\/wp\/v2\/pages\/6133","targetHints":{"allow":["GET"]}}],"collection":[{"href":"https:\/\/casa-de-coca.com\/es\/wp-json\/wp\/v2\/pages"}],"about":[{"href":"https:\/\/casa-de-coca.com\/es\/wp-json\/wp\/v2\/types\/page"}],"author":[{"embeddable":true,"href":"https:\/\/casa-de-coca.com\/es\/wp-json\/wp\/v2\/users\/1"}],"replies":[{"embeddable":true,"href":"https:\/\/casa-de-coca.com\/es\/wp-json\/wp\/v2\/comments?post=6133"}],"version-history":[{"count":14,"href":"https:\/\/casa-de-coca.com\/es\/wp-json\/wp\/v2\/pages\/6133\/revisions"}],"predecessor-version":[{"id":7634,"href":"https:\/\/casa-de-coca.com\/es\/wp-json\/wp\/v2\/pages\/6133\/revisions\/7634"}],"wp:featuredmedia":[{"embeddable":true,"href":"https:\/\/casa-de-coca.com\/es\/wp-json\/wp\/v2\/media\/6647"}],"wp:attachment":[{"href":"https:\/\/casa-de-coca.com\/es\/wp-json\/wp\/v2\/media?parent=6133"}],"curies":[{"name":"wp","href":"https:\/\/api.w.org\/{rel}","templated":true}]}}