{"id":6172,"date":"2020-11-30T15:16:39","date_gmt":"2020-11-30T14:16:39","guid":{"rendered":"http:\/\/layout.casa-de-coca.com\/layout\/stores\/"},"modified":"2025-08-15T13:13:16","modified_gmt":"2025-08-15T11:13:16","slug":"tiendas","status":"publish","type":"page","link":"https:\/\/casa-de-coca.com\/es\/tiendas\/","title":{"rendered":"Tiendas"},"content":{"rendered":"<div class=\"wpb-content-wrapper\"><p>[vc_row row_content_width=\u00bbgrid\u00bb css=\u00bb.vc_custom_1675698416265{padding-top: 11% !important;}\u00bb][vc_column][vc_row_inner row_content_width=\u00bbgrid\u00bb][vc_column_inner][vc_column_text]<\/p>\n<h2>BUSCADOR DE TIENDAS<\/h2>\n<p>Puede conocer Casa De Coca personalmente en nuestros puntos de venta. Puede encontrar las tiendas de su zona en nuestro resumen. El CdC-Webshop seguir\u00e1 en mayo de 2021. M\u00e1s informaci\u00f3n sobre la compra <a href=\"mailto:\">contact@casa-de-coca.com<\/a><br \/>\n[\/vc_column_text][\/vc_column_inner][\/vc_row_inner][vc_empty_space height=\u00bb50px\u00bb][vc_column_text css=\u00bb\u00bb]ONLINE<\/p>\n<p><strong><br \/>\nAus Liebe zum Duft<\/strong><\/p>\n<p><a href=\"https:\/\/www.ausliebezumduft.de\/fragrances\/casa-de-coca.html\" target=\"_blank\" rel=\"noopener\">AusLiebeZumDuft.de<\/a><\/p>\n<p>&nbsp;<\/p>\n<p>ALEMANIA<\/p>\n<p><b><br \/>\nAACHEN<\/b><\/p>\n<p><strong><br \/>\nanne gallw\u00e9 beauty<\/strong><\/p>\n<p>B\u00fcchel 7-9<\/p>\n<p>52062 Aachen<\/p>\n<p><strong>\u00a0<\/strong><\/p>\n<p><strong><br \/>\nHEIDELBERG<\/strong><\/p>\n<p><strong><br \/>\nKosmetik Parf\u00fcmerie Herrmann<\/strong><\/p>\n<p>Ladenburgerstra\u00dfe 6<\/p>\n<p>69120 Heidelberg<\/p>\n<p><strong><br \/>\nISMANING BEI M\u00dcNCHEN<\/strong><\/p>\n<p><strong><br \/>\nSch\u00f6nheitsr\u00e4ume<\/strong><\/p>\n<p>Dorfstra\u00dfe 12<\/p>\n<p>85737 Ismaning<\/p>\n<p>&nbsp;<\/p>\n<p><strong>MANNHEIM<\/strong><\/p>\n<p><strong><br \/>\nKurf\u00fcrsten Parf\u00fcmerie<\/strong><\/p>\n<p>P7 24<\/p>\n<p>68161 Mannheim<\/p>\n<p><strong><br \/>\nM\u00dcNCHEN<\/strong><\/p>\n<p><strong><br \/>\nSch\u00f6nheitsr\u00e4ume<\/strong><\/p>\n<p>Kufsteiner Platz 3<\/p>\n<p>81679 M\u00fcnchen<\/p>\n<p><strong><br \/>\nRootine Wellness Club<\/strong><br \/>\nFraunhoferstra\u00dfe 36<br \/>\n80469 M\u00fcnchen<\/p>\n<p><strong><br \/>\nROTTACH-EGERN AM TEGERNSEE<\/strong><\/p>\n<p><strong><br \/>\nParf\u00fcmerie am Tegernsee by Hildegard e.K.<\/strong><\/p>\n<p>Seestra\u00dfe 12<\/p>\n<p>83700 Rottach-Egern<\/p>\n<p>&nbsp;<\/p>\n<p>SUIZA<\/p>\n<p><strong>CELERINA \/ ST. MORITZ<\/strong><\/p>\n<p><strong><br \/>\nCresta Palace <\/strong><\/p>\n<p>Via Maistra 75<\/p>\n<p>CH-7505 Celerina \/ St. Moritz<\/p>\n<p>&nbsp;<\/p>\n<p>POLONIA<\/p>\n<p><strong><br \/>\nWARSAW<\/strong><\/p>\n<p><strong><br \/>\nHouse of Merlo <\/strong><br \/>\nUl. Mokotowska 46<br \/>\n00-543 Warsaw[\/vc_column_text][vc_empty_space height=\u00bb60px\u00bb][\/vc_column][\/vc_row][vc_row content_text_aligment=\u00bbcenter\u00bb css=\u00bb.vc_custom_1605637291271{margin-top: 0px !important;padding-top: 0px !important;padding-bottom: 0px !important;background-color: #94703b !important;}\u00bb][vc_column][vc_column_text]<\/p>\n<h5><span style=\"color: #ffffff;\">Suscr\u00edbase a nuestro bolet\u00edn <\/span><\/h5>\n<p>[\/vc_column_text]<div class=\"mkd-section-title-holder\" style=\"text-align: center\">\n\t\t\t\t<p class=\"mkd-st-text\" style=\"color: #ffffff;font-size: 30px;line-height: 45px\">Inspiraci\u00f3n del universo de Casa de Coca<\/p>\n\t<\/div>[vc_empty_space height=\u00bb60px\u00bb][\/vc_column][\/vc_row][vc_row content_text_aligment=\u00bbcenter\u00bb css=\u00bb.vc_custom_1605637309534{margin-top: 0px !important;padding-top: 0px !important;padding-bottom: 0px !important;}\u00bb][vc_column][vc_empty_space height=\u00bb20px\u00bb]<div class=\"mkd-elements-holder mkd-responsive-mode-768\" ><div class=\"mkd-eh-item mkd-horizontal-alignment-center\"  data-item-class=\"mkd-eh-custom-512297\" data-1280-1600=\"0 20%\" data-1024-1280=\"0 20%\" data-768-1024=\"0 10%\" data-600-768=\"0 5%\" data-480-600=\"0px\" data-480=\"0px\">\n\t<div class=\"mkd-eh-item-inner\">\n\t\t<div class=\"mkd-eh-item-content mkd-eh-custom-512297\" style=\"padding: 0 30%\">\n\t\t\t\n<div class=\"wpcf7 no-js\" id=\"wpcf7-f139-o1\" lang=\"de-DE\" dir=\"ltr\" data-wpcf7-id=\"139\">\n<div class=\"screen-reader-response\"><p role=\"status\" aria-live=\"polite\" aria-atomic=\"true\"><\/p> <ul><\/ul><\/div>\n<form action=\"\/es\/wp-json\/wp\/v2\/pages\/6172#wpcf7-f139-o1\" method=\"post\" class=\"wpcf7-form init cf7_custom_style_1 da8627b02d46 cmatic-conn cmatic-aud-1 cmatic-mapd0-0 cmatic-v0978 cmatic-sent-0 cmatic-total-107356\" aria-label=\"Kontaktformular\" novalidate=\"novalidate\" data-status=\"init\">\n<fieldset class=\"hidden-fields-container\"><input type=\"hidden\" name=\"_wpcf7\" value=\"139\" \/><input type=\"hidden\" name=\"_wpcf7_version\" value=\"6.1.5\" \/><input type=\"hidden\" name=\"_wpcf7_locale\" value=\"de_DE_formal\" \/><input type=\"hidden\" name=\"_wpcf7_unit_tag\" value=\"wpcf7-f139-o1\" \/><input type=\"hidden\" name=\"_wpcf7_container_post\" value=\"0\" \/><input type=\"hidden\" name=\"_wpcf7_posted_data_hash\" value=\"\" \/>\n<\/fieldset>\n<div class=\"mkd-newsletter clearfix\">\n\t<p><span class=\"wpcf7-form-control-wrap\" data-name=\"email\"><input size=\"40\" maxlength=\"100\" class=\"wpcf7-form-control wpcf7-email wpcf7-validates-as-required wpcf7-text wpcf7-validates-as-email\" aria-required=\"true\" aria-invalid=\"false\" placeholder=\"Email Address\" value=\"\" type=\"email\" name=\"email\" \/><\/span><input class=\"wpcf7-form-control wpcf7-submit has-spinner\" type=\"submit\" value=\"SUBSCRIBE\" \/>\n\t<\/p>\n<\/div><div class=\"wpcf7-response-output\" aria-hidden=\"true\"><\/div>\n<\/form>\n<\/div>\n\t\t<\/div>\n\t<\/div>\n<\/div><\/div>[vc_empty_space height=\u00bb10px\u00bb][\/vc_column][\/vc_row]<\/p>\n<\/div>","protected":false},"excerpt":{"rendered":"<p>[vc_row row_content_width=\u00bbgrid\u00bb css=\u00bb.vc_custom_1675698416265{padding-top: 11% !important;}\u00bb][vc_column][vc_row_inner row_content_width=\u00bbgrid\u00bb][vc_column_inner][vc_column_text] BUSCADOR DE TIENDAS Puede conocer Casa De Coca personalmente en nuestros puntos de venta. Puede encontrar las tiendas de su zona en nuestro resumen. El CdC-Webshop seguir\u00e1 en mayo de 2021. M\u00e1s informaci\u00f3n sobre [&hellip;]<\/p>\n","protected":false},"author":1,"featured_media":0,"parent":0,"menu_order":0,"comment_status":"closed","ping_status":"closed","template":"full-width.php","meta":{"inline_featured_image":false,"footnotes":""},"class_list":["post-6172","page","type-page","status-publish","hentry"],"yoast_head":"<!-- This site is optimized with the Yoast SEO plugin v27.3 - https:\/\/yoast.com\/product\/yoast-seo-wordpress\/ -->\n<title>Tiendas - CASA DE COCA \u2013<\/title>\n<meta name=\"robots\" content=\"index, follow, max-snippet:-1, max-image-preview:large, max-video-preview:-1\" \/>\n<link rel=\"canonical\" href=\"https:\/\/casa-de-coca.com\/es\/tiendas\/\" \/>\n<meta property=\"og:locale\" content=\"es_ES\" \/>\n<meta property=\"og:type\" content=\"article\" \/>\n<meta property=\"og:title\" content=\"Tiendas - CASA DE COCA \u2013\" \/>\n<meta property=\"og:description\" content=\"[vc_row row_content_width=\u00bbgrid\u00bb css=\u00bb.vc_custom_1675698416265{padding-top: 11% !important;}\u00bb][vc_column][vc_row_inner row_content_width=\u00bbgrid\u00bb][vc_column_inner][vc_column_text] BUSCADOR DE TIENDAS Puede conocer Casa De Coca personalmente en nuestros puntos de venta. Puede encontrar las tiendas de su zona en nuestro resumen. El CdC-Webshop seguir\u00e1 en mayo de 2021. M\u00e1s informaci\u00f3n sobre [&hellip;]\" \/>\n<meta property=\"og:url\" content=\"https:\/\/casa-de-coca.com\/es\/tiendas\/\" \/>\n<meta property=\"og:site_name\" content=\"CASA DE COCA \u2013\" \/>\n<meta property=\"article:modified_time\" content=\"2025-08-15T11:13:16+00:00\" \/>\n<meta name=\"twitter:card\" content=\"summary_large_image\" \/>\n<meta name=\"twitter:label1\" content=\"Tiempo de lectura\" \/>\n\t<meta name=\"twitter:data1\" content=\"1 minuto\" \/>\n<script type=\"application\/ld+json\" class=\"yoast-schema-graph\">{\"@context\":\"https:\\\/\\\/schema.org\",\"@graph\":[{\"@type\":\"WebPage\",\"@id\":\"https:\\\/\\\/casa-de-coca.com\\\/es\\\/tiendas\\\/\",\"url\":\"https:\\\/\\\/casa-de-coca.com\\\/es\\\/tiendas\\\/\",\"name\":\"Tiendas - CASA DE COCA \u2013\",\"isPartOf\":{\"@id\":\"https:\\\/\\\/casa-de-coca.com\\\/es\\\/#website\"},\"datePublished\":\"2020-11-30T14:16:39+00:00\",\"dateModified\":\"2025-08-15T11:13:16+00:00\",\"breadcrumb\":{\"@id\":\"https:\\\/\\\/casa-de-coca.com\\\/es\\\/tiendas\\\/#breadcrumb\"},\"inLanguage\":\"es\",\"potentialAction\":[{\"@type\":\"ReadAction\",\"target\":[\"https:\\\/\\\/casa-de-coca.com\\\/es\\\/tiendas\\\/\"]}]},{\"@type\":\"BreadcrumbList\",\"@id\":\"https:\\\/\\\/casa-de-coca.com\\\/es\\\/tiendas\\\/#breadcrumb\",\"itemListElement\":[{\"@type\":\"ListItem\",\"position\":1,\"name\":\"Startseite\",\"item\":\"https:\\\/\\\/casa-de-coca.com\\\/es\\\/\"},{\"@type\":\"ListItem\",\"position\":2,\"name\":\"Tiendas\"}]},{\"@type\":\"WebSite\",\"@id\":\"https:\\\/\\\/casa-de-coca.com\\\/es\\\/#website\",\"url\":\"https:\\\/\\\/casa-de-coca.com\\\/es\\\/\",\"name\":\"CASA DE COCA \u2013\",\"description\":\"Parfum of the Inka\",\"potentialAction\":[{\"@type\":\"SearchAction\",\"target\":{\"@type\":\"EntryPoint\",\"urlTemplate\":\"https:\\\/\\\/casa-de-coca.com\\\/es\\\/?s={search_term_string}\"},\"query-input\":{\"@type\":\"PropertyValueSpecification\",\"valueRequired\":true,\"valueName\":\"search_term_string\"}}],\"inLanguage\":\"es\"}]}<\/script>\n<!-- \/ Yoast SEO plugin. -->","yoast_head_json":{"title":"Tiendas - CASA DE COCA \u2013","robots":{"index":"index","follow":"follow","max-snippet":"max-snippet:-1","max-image-preview":"max-image-preview:large","max-video-preview":"max-video-preview:-1"},"canonical":"https:\/\/casa-de-coca.com\/es\/tiendas\/","og_locale":"es_ES","og_type":"article","og_title":"Tiendas - CASA DE COCA \u2013","og_description":"[vc_row row_content_width=\u00bbgrid\u00bb css=\u00bb.vc_custom_1675698416265{padding-top: 11% !important;}\u00bb][vc_column][vc_row_inner row_content_width=\u00bbgrid\u00bb][vc_column_inner][vc_column_text] BUSCADOR DE TIENDAS Puede conocer Casa De Coca personalmente en nuestros puntos de venta. Puede encontrar las tiendas de su zona en nuestro resumen. El CdC-Webshop seguir\u00e1 en mayo de 2021. M\u00e1s informaci\u00f3n sobre [&hellip;]","og_url":"https:\/\/casa-de-coca.com\/es\/tiendas\/","og_site_name":"CASA DE COCA \u2013","article_modified_time":"2025-08-15T11:13:16+00:00","twitter_card":"summary_large_image","twitter_misc":{"Tiempo de lectura":"1 minuto"},"schema":{"@context":"https:\/\/schema.org","@graph":[{"@type":"WebPage","@id":"https:\/\/casa-de-coca.com\/es\/tiendas\/","url":"https:\/\/casa-de-coca.com\/es\/tiendas\/","name":"Tiendas - CASA DE COCA \u2013","isPartOf":{"@id":"https:\/\/casa-de-coca.com\/es\/#website"},"datePublished":"2020-11-30T14:16:39+00:00","dateModified":"2025-08-15T11:13:16+00:00","breadcrumb":{"@id":"https:\/\/casa-de-coca.com\/es\/tiendas\/#breadcrumb"},"inLanguage":"es","potentialAction":[{"@type":"ReadAction","target":["https:\/\/casa-de-coca.com\/es\/tiendas\/"]}]},{"@type":"BreadcrumbList","@id":"https:\/\/casa-de-coca.com\/es\/tiendas\/#breadcrumb","itemListElement":[{"@type":"ListItem","position":1,"name":"Startseite","item":"https:\/\/casa-de-coca.com\/es\/"},{"@type":"ListItem","position":2,"name":"Tiendas"}]},{"@type":"WebSite","@id":"https:\/\/casa-de-coca.com\/es\/#website","url":"https:\/\/casa-de-coca.com\/es\/","name":"CASA DE COCA \u2013","description":"Parfum of the Inka","potentialAction":[{"@type":"SearchAction","target":{"@type":"EntryPoint","urlTemplate":"https:\/\/casa-de-coca.com\/es\/?s={search_term_string}"},"query-input":{"@type":"PropertyValueSpecification","valueRequired":true,"valueName":"search_term_string"}}],"inLanguage":"es"}]}},"_links":{"self":[{"href":"https:\/\/casa-de-coca.com\/es\/wp-json\/wp\/v2\/pages\/6172","targetHints":{"allow":["GET"]}}],"collection":[{"href":"https:\/\/casa-de-coca.com\/es\/wp-json\/wp\/v2\/pages"}],"about":[{"href":"https:\/\/casa-de-coca.com\/es\/wp-json\/wp\/v2\/types\/page"}],"author":[{"embeddable":true,"href":"https:\/\/casa-de-coca.com\/es\/wp-json\/wp\/v2\/users\/1"}],"replies":[{"embeddable":true,"href":"https:\/\/casa-de-coca.com\/es\/wp-json\/wp\/v2\/comments?post=6172"}],"version-history":[{"count":14,"href":"https:\/\/casa-de-coca.com\/es\/wp-json\/wp\/v2\/pages\/6172\/revisions"}],"predecessor-version":[{"id":7909,"href":"https:\/\/casa-de-coca.com\/es\/wp-json\/wp\/v2\/pages\/6172\/revisions\/7909"}],"wp:attachment":[{"href":"https:\/\/casa-de-coca.com\/es\/wp-json\/wp\/v2\/media?parent=6172"}],"curies":[{"name":"wp","href":"https:\/\/api.w.org\/{rel}","templated":true}]}}