{"id":6181,"date":"2020-11-11T20:03:13","date_gmt":"2020-11-11T19:03:13","guid":{"rendered":"http:\/\/layout.casa-de-coca.com\/layout\/datenschutzerklaerung\/"},"modified":"2021-04-06T12:37:33","modified_gmt":"2021-04-06T10:37:33","slug":"datenschutzerklaerung","status":"publish","type":"page","link":"https:\/\/casa-de-coca.com\/es\/datenschutzerklaerung\/","title":{"rendered":"Pol\u00edtica de Privacidad"},"content":{"rendered":"<div class=\"wpb-content-wrapper\"><p>[vc_row row_content_width=\u00bbgrid\u00bb css=\u00bb.vc_custom_1617035941271{padding-top: 3em !important;padding-bottom: 4em !important;}\u00bb][vc_column]<div class=\"mkd-section-title-holder\" style=\"text-align: left\">\n\t\t\t<h2 class=\"mkd-st-title\" >\n\t\t\t<span>POL\u00cdTICA DE PRIVACIDAD<\/span>\n\t\t<\/h2>\n\t\t<\/div>[vc_empty_space height=\u00bb40px\u00bb][vc_column_text]La protecci\u00f3n de sus datos personales es muy importante para nosotros. Tratamos este tema con mucho cuidado y, por lo tanto, le informamos a continuaci\u00f3n sobre el tratamiento de sus datos personales al visitar nuestro sitio web.<\/p>\n<p>&nbsp;<\/p>\n<p><strong>1. persona responsable y contacto para cuestiones de protecci\u00f3n de datos<\/strong><br \/>\nLa persona responsable de acuerdo con el Art. 4 (7) del Reglamento Europeo de Protecci\u00f3n de Datos (DS-GVO) es:<\/p>\n<p>CdC Trading Company GmbH, c\/o<\/p>\n<p>Beatrice Graf<\/p>\n<p>Steinstr. 69<\/p>\n<p>81667 M\u00fcnchen<\/p>\n<p>&nbsp;<\/p>\n<p>Si tiene alguna duda sobre la protecci\u00f3n de datos en nuestro sitio web, puede ponerse en contacto con nosotros en cualquier momento a trav\u00e9s de los canales de contacto indicados en el pie de imprenta o por correo electr\u00f3nico a <a href=\"mailto:contact@casa-de-coca.com\">contact@casa-de-coca.com<\/a> kontaktieren.<\/p>\n<p>&nbsp;<\/p>\n<p><strong>2. Finalidad y base jur\u00eddica del tratamiento de los datos personales<\/strong><\/p>\n<p>&nbsp;<\/p>\n<p><strong>2.1. Al llamar o visitar nuestro sitio web<\/strong><br \/>\nEn el caso de un uso solamente informativo de nuestro sitio web, es decir, si no se pone en contacto con nosotros a trav\u00e9s de los datos de contacto facilitados en el sitio web, s\u00f3lo recogemos los datos que su navegador transmite a nuestro servidor.<\/p>\n<p>Se trata de los siguientes datos, que son necesarios para mostrarle nuestro sitio web y para garantizar la estabilidad y la seguridad: Direcci\u00f3n IP, fecha y hora de la solicitud, contenido de la solicitud (p\u00e1gina espec\u00edfica), estado de acceso\/c\u00f3digo de estado HTTP, cantidad de datos transferidos en cada caso, sitio web del que procede la solicitud, navegador, sistema operativo y su interfaz, idioma y versi\u00f3n del software del navegador.<\/p>\n<p>No nos es posible sacar conclusiones sobre personas individuales a partir de estos datos. Almacenamos estos datos por razones de seguridad t\u00e9cnica, por ejemplo, para defendernos de los ataques a nuestro servidor web. Despu\u00e9s de siete d\u00edas como m\u00e1ximo, los datos se anonimizan acortando la direcci\u00f3n IP a nivel de dominio, de modo que ya no es posible establecer un v\u00ednculo con el usuario individual del sitio web. La base legal para el tratamiento mencionado es el art\u00edculo 6 (1) frase 1 lit. f DS-GVO (el tratamiento es necesario para proteger los intereses leg\u00edtimos del responsable del tratamiento).<\/p>\n<p>&nbsp;<\/p>\n<p><strong>2.2. Contactar con nosotros<\/strong><br \/>\nCuando se ponga en contacto con nosotros por correo electr\u00f3nico, los datos que nos proporcione (su direcci\u00f3n de correo electr\u00f3nico y su nombre, as\u00ed como el contenido de su consulta) ser\u00e1n almacenados por nosotros para procesar y responder a sus preguntas o solicitudes.<\/p>\n<p>Eliminamos los datos acumulados en este contexto una vez que el almacenamiento ya no es necesario (por lo general, despu\u00e9s de la resoluci\u00f3n completa de su solicitud), o restringimos el procesamiento si existen obligaciones legales de almacenamiento. La base legal para el tratamiento mencionado es el art. 6 (1) p. 1 lit. f DS-GVO (el tratamiento es necesario para proteger los intereses leg\u00edtimos del responsable del tratamiento). Tenemos un inter\u00e9s leg\u00edtimo en responder a los correos electr\u00f3nicos de los interesados\/visitantes del sitio web.<\/p>\n<p>&nbsp;<\/p>\n<p><strong>3. uso de Google Analytics<\/strong><br \/>\nSi nos ha dado su consentimiento (Art. 6 p\u00e1rrafo 1 frase 1 lit. a DS-GVO), utilizamos cookies de Google Analytics para analizar y mejorar regularmente el uso de nuestro servicio. Las estad\u00edsticas obtenidas nos permiten mejorar nuestro servicio y hacerlo m\u00e1s interesante para usted como usuario.<\/p>\n<p>Google Analytics utiliza \u00abcookies\u00bb, que son archivos de texto ubicados en su ordenador, para ayudar al sitio web a analizar el uso que hacen los usuarios del mismo. La informaci\u00f3n generada por la cookie acerca de su uso del sitio web ser\u00e1 transmitida y almacenada por Google en servidores en los Estados Unidos. Para proteger su privacidad, utilizamos la funci\u00f3n de anonimizaci\u00f3n de IP. Esto significa que su direcci\u00f3n IP es acortada por Google dentro de los estados miembros de la Uni\u00f3n Europea o en otros estados contratantes del Acuerdo sobre el Espacio Econ\u00f3mico Europeo antes de ser transferida a los Estados Unidos. S\u00f3lo en casos excepcionales se transmitir\u00e1 la direcci\u00f3n IP completa a un servidor de Google en Estados Unidos y se acortar\u00e1 all\u00ed. En nombre del operador de este sitio web, Google utilizar\u00e1 esta informaci\u00f3n con el fin de evaluar su uso del sitio web, recopilar informes sobre la actividad del sitio web y prestar otros servicios relacionados con la actividad del sitio web y el uso de Internet al operador del sitio web. La direcci\u00f3n IP transmitida por su navegador como parte de Google Analytics no se fusionar\u00e1 con otros datos de Google.<\/p>\n<p>Puede revocar el almacenamiento de cookies por parte de Google cambiando la configuraci\u00f3n de cookies en cualquier momento con efecto para el futuro.<\/p>\n<p>Tambi\u00e9n puede evitar la recopilaci\u00f3n de los datos generados por la cookie y relacionados con su uso del sitio web (incluida su direcci\u00f3n IP) a Google, as\u00ed como el tratamiento de estos datos por parte de Google, descargando e instalando el plugin del navegador disponible en el siguiente enlace:<br \/>\n<a href=\"http:\/\/www.tools.google.com\/dlpage\/gaoptout?hl=de\">www.tools.google.com\/dlpage\/gaoptout?hl=de<\/a>.<\/p>\n<p>Para obtener m\u00e1s informaci\u00f3n sobre la finalidad y el alcance de la recopilaci\u00f3n de datos y su tratamiento por parte de Google, consulte el resumen sobre la protecci\u00f3n de datos: www.google.com\/intl\/de\/analytics\/learn\/privacy.html, as\u00ed como la pol\u00edtica de privacidad de Google: <a href=\"http:\/\/www.google.de\/intl\/de\/policies\/privacy.\">www.google.de\/intl\/de\/policies\/privacy.<\/a><\/p>\n<p>&nbsp;<\/p>\n<p><strong>4. obligaci\u00f3n de proporcionar datos personales<\/strong><br \/>\nUsted no est\u00e1 obligado ni legal ni contractualmente a proporcionar datos personales. Sin embargo, si desea ponerse en contacto con nosotros, debe proporcionar los datos personales necesarios para procesar y responder a su solicitud. Si no nos facilita estos datos, no podremos tramitar y responder a su solicitud.<\/p>\n<p>&nbsp;<\/p>\n<p><strong>5. inexistencia de toma de decisiones automatizada, incluida la elaboraci\u00f3n de perfiles<\/strong><br \/>\nNos gustar\u00eda se\u00f1alar que en el curso de la utilizaci\u00f3n de nuestro sitio web, no se le someter\u00e1 a una decisi\u00f3n basada \u00fanicamente en el tratamiento automatizado -incluida la elaboraci\u00f3n de perfiles- que produzca efectos jur\u00eddicos frente a usted o que le afecte de manera similar.<\/p>\n<p>&nbsp;<\/p>\n<p><strong>6. Sus derechos<\/strong><br \/>\nUsted tiene los siguientes derechos frente a nosotros en relaci\u00f3n con los datos personales que le conciernen:<\/p>\n<p>\u2013\u00a0 Derecho a la informaci\u00f3n (Art. 15 DS-GVO),<\/p>\n<ul>\n<li>Derecho de rectificaci\u00f3n (Art. 16 DS-GVO),<\/li>\n<li>Derecho al borrado (Art. 17 DS-GVO; \u201cRecht auf Vergessenwerden\u201d),<\/li>\n<\/ul>\n<p>\u2013\u00a0 derecho a la limitaci\u00f3n del tratamiento (Art. 18 DS-GVO),<\/p>\n<p>\u2013\u00a0 derecho a oponerse al tratamiento (Art. 21 DS-GVO),<\/p>\n<p>\u2013\u00a0 derecho a la portabilidad de los datos (Art. 20 DS-GVO).<\/p>\n<p>Tambi\u00e9n tiene derecho a presentar una reclamaci\u00f3n sobre el tratamiento de sus datos personales por parte de nosotros ante una autoridad de control de la protecci\u00f3n de datos en el Estado miembro de su residencia, lugar de trabajo o lugar de la supuesta infracci\u00f3n, si considera que el tratamiento de los datos personales que le conciernen se lleva a cabo de forma ilegal.<\/p>\n<p>Tambi\u00e9n nos gustar\u00eda se\u00f1alar que, en la medida en que el tratamiento de sus datos personales se lleve a cabo sobre la base de un inter\u00e9s leg\u00edtimo en el marco del equilibrio de intereses de conformidad con el art. 6, apartado 1, frase 1 f) del DSGVO, usted tiene derecho a oponerse al tratamiento de sus datos personales en cualquier momento.<\/p>\n<p>En la medida en que nos haya dado su consentimiento para el tratamiento de sus datos, podr\u00e1 revocarlo en cualquier momento con efecto para el futuro. La legalidad del tratamiento de sus datos hasta la revocaci\u00f3n no se ve afectada.<\/p>\n<p>Para hacer valer sus derechos, puede ponerse en contacto con nosotros en cualquier momento a trav\u00e9s de los canales de contacto que figuran en nuestro pie de imprenta.[\/vc_column_text][\/vc_column][\/vc_row]<\/p>\n<\/div>","protected":false},"excerpt":{"rendered":"<p>[vc_row row_content_width=\u00bbgrid\u00bb css=\u00bb.vc_custom_1617035941271{padding-top: 3em !important;padding-bottom: 4em !important;}\u00bb][vc_column][vc_empty_space height=\u00bb40px\u00bb][vc_column_text]La protecci\u00f3n de sus datos personales es muy importante para nosotros. Tratamos este tema con mucho cuidado y, por lo tanto, le informamos a continuaci\u00f3n sobre el tratamiento de sus datos personales al [&hellip;]<\/p>\n","protected":false},"author":1,"featured_media":0,"parent":0,"menu_order":0,"comment_status":"closed","ping_status":"open","template":"","meta":{"inline_featured_image":false,"footnotes":""},"class_list":["post-6181","page","type-page","status-publish","hentry"],"yoast_head":"<!-- This site is optimized with the Yoast SEO plugin v27.3 - https:\/\/yoast.com\/product\/yoast-seo-wordpress\/ -->\n<title>Pol\u00edtica de Privacidad - CASA DE COCA \u2013<\/title>\n<meta name=\"robots\" content=\"index, follow, max-snippet:-1, max-image-preview:large, max-video-preview:-1\" \/>\n<link rel=\"canonical\" href=\"https:\/\/casa-de-coca.com\/es\/datenschutzerklaerung\/\" \/>\n<meta property=\"og:locale\" content=\"es_ES\" \/>\n<meta property=\"og:type\" content=\"article\" \/>\n<meta property=\"og:title\" content=\"Pol\u00edtica de Privacidad - CASA DE COCA \u2013\" \/>\n<meta property=\"og:description\" content=\"[vc_row row_content_width=\u00bbgrid\u00bb css=\u00bb.vc_custom_1617035941271{padding-top: 3em !important;padding-bottom: 4em !important;}\u00bb][vc_column][vc_empty_space height=\u00bb40px\u00bb][vc_column_text]La protecci\u00f3n de sus datos personales es muy importante para nosotros. Tratamos este tema con mucho cuidado y, por lo tanto, le informamos a continuaci\u00f3n sobre el tratamiento de sus datos personales al [&hellip;]\" \/>\n<meta property=\"og:url\" content=\"https:\/\/casa-de-coca.com\/es\/datenschutzerklaerung\/\" \/>\n<meta property=\"og:site_name\" content=\"CASA DE COCA \u2013\" \/>\n<meta property=\"article:modified_time\" content=\"2021-04-06T10:37:33+00:00\" \/>\n<meta name=\"twitter:card\" content=\"summary_large_image\" \/>\n<meta name=\"twitter:label1\" content=\"Tiempo de lectura\" \/>\n\t<meta name=\"twitter:data1\" content=\"6 minutos\" \/>\n<script type=\"application\/ld+json\" class=\"yoast-schema-graph\">{\"@context\":\"https:\\\/\\\/schema.org\",\"@graph\":[{\"@type\":\"WebPage\",\"@id\":\"https:\\\/\\\/casa-de-coca.com\\\/es\\\/datenschutzerklaerung\\\/\",\"url\":\"https:\\\/\\\/casa-de-coca.com\\\/es\\\/datenschutzerklaerung\\\/\",\"name\":\"Pol\u00edtica de Privacidad - CASA DE COCA \u2013\",\"isPartOf\":{\"@id\":\"https:\\\/\\\/casa-de-coca.com\\\/es\\\/#website\"},\"datePublished\":\"2020-11-11T19:03:13+00:00\",\"dateModified\":\"2021-04-06T10:37:33+00:00\",\"breadcrumb\":{\"@id\":\"https:\\\/\\\/casa-de-coca.com\\\/es\\\/datenschutzerklaerung\\\/#breadcrumb\"},\"inLanguage\":\"es\",\"potentialAction\":[{\"@type\":\"ReadAction\",\"target\":[\"https:\\\/\\\/casa-de-coca.com\\\/es\\\/datenschutzerklaerung\\\/\"]}]},{\"@type\":\"BreadcrumbList\",\"@id\":\"https:\\\/\\\/casa-de-coca.com\\\/es\\\/datenschutzerklaerung\\\/#breadcrumb\",\"itemListElement\":[{\"@type\":\"ListItem\",\"position\":1,\"name\":\"Startseite\",\"item\":\"https:\\\/\\\/casa-de-coca.com\\\/es\\\/\"},{\"@type\":\"ListItem\",\"position\":2,\"name\":\"Pol\u00edtica de Privacidad\"}]},{\"@type\":\"WebSite\",\"@id\":\"https:\\\/\\\/casa-de-coca.com\\\/es\\\/#website\",\"url\":\"https:\\\/\\\/casa-de-coca.com\\\/es\\\/\",\"name\":\"CASA DE COCA \u2013\",\"description\":\"Parfum of the Inka\",\"potentialAction\":[{\"@type\":\"SearchAction\",\"target\":{\"@type\":\"EntryPoint\",\"urlTemplate\":\"https:\\\/\\\/casa-de-coca.com\\\/es\\\/?s={search_term_string}\"},\"query-input\":{\"@type\":\"PropertyValueSpecification\",\"valueRequired\":true,\"valueName\":\"search_term_string\"}}],\"inLanguage\":\"es\"}]}<\/script>\n<!-- \/ Yoast SEO plugin. -->","yoast_head_json":{"title":"Pol\u00edtica de Privacidad - CASA DE COCA \u2013","robots":{"index":"index","follow":"follow","max-snippet":"max-snippet:-1","max-image-preview":"max-image-preview:large","max-video-preview":"max-video-preview:-1"},"canonical":"https:\/\/casa-de-coca.com\/es\/datenschutzerklaerung\/","og_locale":"es_ES","og_type":"article","og_title":"Pol\u00edtica de Privacidad - CASA DE COCA \u2013","og_description":"[vc_row row_content_width=\u00bbgrid\u00bb css=\u00bb.vc_custom_1617035941271{padding-top: 3em !important;padding-bottom: 4em !important;}\u00bb][vc_column][vc_empty_space height=\u00bb40px\u00bb][vc_column_text]La protecci\u00f3n de sus datos personales es muy importante para nosotros. Tratamos este tema con mucho cuidado y, por lo tanto, le informamos a continuaci\u00f3n sobre el tratamiento de sus datos personales al [&hellip;]","og_url":"https:\/\/casa-de-coca.com\/es\/datenschutzerklaerung\/","og_site_name":"CASA DE COCA \u2013","article_modified_time":"2021-04-06T10:37:33+00:00","twitter_card":"summary_large_image","twitter_misc":{"Tiempo de lectura":"6 minutos"},"schema":{"@context":"https:\/\/schema.org","@graph":[{"@type":"WebPage","@id":"https:\/\/casa-de-coca.com\/es\/datenschutzerklaerung\/","url":"https:\/\/casa-de-coca.com\/es\/datenschutzerklaerung\/","name":"Pol\u00edtica de Privacidad - CASA DE COCA \u2013","isPartOf":{"@id":"https:\/\/casa-de-coca.com\/es\/#website"},"datePublished":"2020-11-11T19:03:13+00:00","dateModified":"2021-04-06T10:37:33+00:00","breadcrumb":{"@id":"https:\/\/casa-de-coca.com\/es\/datenschutzerklaerung\/#breadcrumb"},"inLanguage":"es","potentialAction":[{"@type":"ReadAction","target":["https:\/\/casa-de-coca.com\/es\/datenschutzerklaerung\/"]}]},{"@type":"BreadcrumbList","@id":"https:\/\/casa-de-coca.com\/es\/datenschutzerklaerung\/#breadcrumb","itemListElement":[{"@type":"ListItem","position":1,"name":"Startseite","item":"https:\/\/casa-de-coca.com\/es\/"},{"@type":"ListItem","position":2,"name":"Pol\u00edtica de Privacidad"}]},{"@type":"WebSite","@id":"https:\/\/casa-de-coca.com\/es\/#website","url":"https:\/\/casa-de-coca.com\/es\/","name":"CASA DE COCA \u2013","description":"Parfum of the Inka","potentialAction":[{"@type":"SearchAction","target":{"@type":"EntryPoint","urlTemplate":"https:\/\/casa-de-coca.com\/es\/?s={search_term_string}"},"query-input":{"@type":"PropertyValueSpecification","valueRequired":true,"valueName":"search_term_string"}}],"inLanguage":"es"}]}},"_links":{"self":[{"href":"https:\/\/casa-de-coca.com\/es\/wp-json\/wp\/v2\/pages\/6181","targetHints":{"allow":["GET"]}}],"collection":[{"href":"https:\/\/casa-de-coca.com\/es\/wp-json\/wp\/v2\/pages"}],"about":[{"href":"https:\/\/casa-de-coca.com\/es\/wp-json\/wp\/v2\/types\/page"}],"author":[{"embeddable":true,"href":"https:\/\/casa-de-coca.com\/es\/wp-json\/wp\/v2\/users\/1"}],"replies":[{"embeddable":true,"href":"https:\/\/casa-de-coca.com\/es\/wp-json\/wp\/v2\/comments?post=6181"}],"version-history":[{"count":5,"href":"https:\/\/casa-de-coca.com\/es\/wp-json\/wp\/v2\/pages\/6181\/revisions"}],"predecessor-version":[{"id":6464,"href":"https:\/\/casa-de-coca.com\/es\/wp-json\/wp\/v2\/pages\/6181\/revisions\/6464"}],"wp:attachment":[{"href":"https:\/\/casa-de-coca.com\/es\/wp-json\/wp\/v2\/media?parent=6181"}],"curies":[{"name":"wp","href":"https:\/\/api.w.org\/{rel}","templated":true}]}}