{"id":6191,"date":"2020-11-12T15:36:46","date_gmt":"2020-11-12T14:36:46","guid":{"rendered":"http:\/\/layout.casa-de-coca.com\/layout\/impressum\/"},"modified":"2021-04-06T13:39:00","modified_gmt":"2021-04-06T11:39:00","slug":"impressum","status":"publish","type":"page","link":"https:\/\/casa-de-coca.com\/es\/impressum\/","title":{"rendered":"Aviso Legal"},"content":{"rendered":"<div class=\"wpb-content-wrapper\"><p>[vc_row row_content_width=\u00bbgrid\u00bb css=\u00bb.vc_custom_1617036302716{padding-top: 4em !important;padding-bottom: 4em !important;}\u00bb][vc_column]<div class=\"mkd-section-title-holder\" style=\"text-align: left\">\n\t\t\t<h2 class=\"mkd-st-title\" >\n\t\t\t<span>AVISO LEGAL<\/span>\n\t\t<\/h2>\n\t\t<\/div>[vc_empty_space height=\u00bb40px\u00bb][vc_column_text]Esta p\u00e1gina web es una oferta de la CdC Trading Company GmbHc\/o Beatrice Graf<br \/>\nSteinstra\u00dfe 69<br \/>\n81669 Munich<\/p>\n<p>&nbsp;<\/p>\n<p><strong>Directora general con poder de representaci\u00f3n:<\/strong> Beatrice Graf<br \/>\n<strong>Tribunal de registro:<\/strong>: Amtsgericht M\u00fcnchen<br \/>\n<strong>N\u00famero de registro:<\/strong> HRB 242357<br \/>\n<strong>N\u00famero de identificaci\u00f3n del impuesto sobre la venta (seg\u00fan el art\u00edculo 27 a de la ley del impuesto sobre la venta):<\/strong> DE319187854<br \/>\n<strong>Responsable del contenido seg\u00fan el \u00a7 55 Abs. 2 Tratado de Radiodifusi\u00f3n Interestatal Alem\u00e1n (RStV):<\/strong><br \/>\nBeatrice Graf<\/p>\n<p>Steinstrasse 69<\/p>\n<p>81669 Munich<\/p>\n<p>&nbsp;<\/p>\n<p><strong>Design:<\/strong> <a href=\"https:\/\/christianvonderheide.de\/\" target=\"_blank\" rel=\"noopener noreferrer\">Christian von der Heide, Atelier von der Heide<\/a><br \/>\n<strong>Retratos fotogr\u00e1ficos y asesoramiento visual:<\/strong> <a href=\"http:\/\/imageagency.com\/\" target=\"_blank\" rel=\"noopener noreferrer\">Image Agency<\/a><br \/>\n<strong>Powered by <\/strong><a href=\"https:\/\/internauts.de\/\" target=\"_blank\" rel=\"noopener\">Internauts GmbH<\/a><br \/>\n<strong>Web-Creation und Concept:<\/strong> <a href=\"https:\/\/benjaminclement.de\/\" target=\"_blank\" rel=\"noopener noreferrer\">BC-DESIGN<\/a><\/p>\n<p><strong>Fotograf\u00edas de Per\u00fa<\/strong> Casa de Coca, Needpix<\/p>\n<p>&nbsp;<\/p>\n<p><strong>Descargo de responsabilidad<\/strong><br \/>\nResponsabilidad por el contenido<br \/>\nComo proveedor de servicios, somos responsables de nuestros propios contenidos en estas p\u00e1ginas, de acuerdo con el art\u00edculo 7, p\u00e1rrafo 1, de la ley alemana de medios de comunicaci\u00f3n (TMG). Seg\u00fan los art\u00edculos 8 a 10 de la TMG, no estamos obligados a controlar la informaci\u00f3n transmitida o almacenada ni a investigar las circunstancias que indiquen una actividad ilegal. Las obligaciones de eliminar o bloquear el uso de la informaci\u00f3n seg\u00fan las leyes generales no se ven afectadas por esto. Sin embargo, la responsabilidad a este respecto s\u00f3lo es posible a partir del momento en que se conoce una infracci\u00f3n concreta de la ley. Si tenemos conocimiento de tales infracciones, eliminaremos el contenido correspondiente inmediatamente.<\/p>\n<p>&nbsp;<\/p>\n<p><strong>Responsabilidad de los enlaces<\/strong><br \/>\nNuestra oferta contiene enlaces a p\u00e1ginas web externas de terceros, sobre cuyos contenidos no tenemos ninguna influencia. Por lo tanto, no podemos asumir ninguna responsabilidad por estos contenidos externos. El proveedor u operador de las p\u00e1ginas es siempre responsable del contenido de las p\u00e1ginas enlazadas. Las p\u00e1ginas enlazadas fueron revisadas para detectar posibles infracciones legales en el momento de enlazarlas. Los contenidos ilegales no eran reconocibles en el momento de la vinculaci\u00f3n. Sin embargo, un control permanente de los contenidos de las p\u00e1ginas enlazadas no es razonable sin pruebas concretas de una violaci\u00f3n de la ley. Si tenemos conocimiento de alguna infracci\u00f3n, eliminaremos dichos enlaces inmediatamente.<\/p>\n<p>&nbsp;<\/p>\n<p><strong>Copyright<\/strong><br \/>\nLos contenidos y obras creados por los operadores del sitio en estas p\u00e1ginas est\u00e1n sujetos a la legislaci\u00f3n alemana sobre derechos de autor. La duplicaci\u00f3n, el procesamiento, la distribuci\u00f3n o cualquier forma de comercializaci\u00f3n de dicho material m\u00e1s all\u00e1 del alcance de la ley de derechos de autor requerir\u00e1 el consentimiento previo por escrito de su respectivo autor o creador. Las descargas y copias de este sitio s\u00f3lo se permiten para uso privado y no comercial. En la medida en que el contenido de este sitio no haya sido creado por el operador, se respetan los derechos de autor de terceros. En particular, los contenidos de terceros se identifican como tales. No obstante, si tiene conocimiento de una infracci\u00f3n de los derechos de autor, le rogamos que nos informe al respecto. Si tenemos conocimiento de alguna infracci\u00f3n, eliminaremos dicho contenido inmediatamente.[\/vc_column_text][\/vc_column][\/vc_row]<\/p>\n<\/div>","protected":false},"excerpt":{"rendered":"<p>[vc_row row_content_width=\u00bbgrid\u00bb css=\u00bb.vc_custom_1617036302716{padding-top: 4em !important;padding-bottom: 4em !important;}\u00bb][vc_column][vc_empty_space height=\u00bb40px\u00bb][vc_column_text]Esta p\u00e1gina web es una oferta de la CdC Trading Company GmbHc\/o Beatrice Graf Steinstra\u00dfe 69 81669 Munich &nbsp; Directora general con poder de representaci\u00f3n: Beatrice Graf Tribunal de registro:: Amtsgericht M\u00fcnchen N\u00famero [&hellip;]<\/p>\n","protected":false},"author":1,"featured_media":0,"parent":0,"menu_order":0,"comment_status":"closed","ping_status":"closed","template":"full-width.php","meta":{"inline_featured_image":false,"footnotes":""},"class_list":["post-6191","page","type-page","status-publish","hentry"],"yoast_head":"<!-- This site is optimized with the Yoast SEO plugin v27.3 - https:\/\/yoast.com\/product\/yoast-seo-wordpress\/ -->\n<title>Aviso Legal - CASA DE COCA \u2013<\/title>\n<meta name=\"robots\" content=\"index, follow, max-snippet:-1, max-image-preview:large, max-video-preview:-1\" \/>\n<link rel=\"canonical\" href=\"https:\/\/casa-de-coca.com\/es\/impressum\/\" \/>\n<meta property=\"og:locale\" content=\"es_ES\" \/>\n<meta property=\"og:type\" content=\"article\" \/>\n<meta property=\"og:title\" content=\"Aviso Legal - CASA DE COCA \u2013\" \/>\n<meta property=\"og:description\" content=\"[vc_row row_content_width=\u00bbgrid\u00bb css=\u00bb.vc_custom_1617036302716{padding-top: 4em !important;padding-bottom: 4em !important;}\u00bb][vc_column][vc_empty_space height=\u00bb40px\u00bb][vc_column_text]Esta p\u00e1gina web es una oferta de la CdC Trading Company GmbHc\/o Beatrice Graf Steinstra\u00dfe 69 81669 Munich &nbsp; Directora general con poder de representaci\u00f3n: Beatrice Graf Tribunal de registro:: Amtsgericht M\u00fcnchen N\u00famero [&hellip;]\" \/>\n<meta property=\"og:url\" content=\"https:\/\/casa-de-coca.com\/es\/impressum\/\" \/>\n<meta property=\"og:site_name\" content=\"CASA DE COCA \u2013\" \/>\n<meta property=\"article:modified_time\" content=\"2021-04-06T11:39:00+00:00\" \/>\n<meta name=\"twitter:card\" content=\"summary_large_image\" \/>\n<meta name=\"twitter:label1\" content=\"Tiempo de lectura\" \/>\n\t<meta name=\"twitter:data1\" content=\"3 minutos\" \/>\n<script type=\"application\/ld+json\" class=\"yoast-schema-graph\">{\"@context\":\"https:\\\/\\\/schema.org\",\"@graph\":[{\"@type\":\"WebPage\",\"@id\":\"https:\\\/\\\/casa-de-coca.com\\\/es\\\/impressum\\\/\",\"url\":\"https:\\\/\\\/casa-de-coca.com\\\/es\\\/impressum\\\/\",\"name\":\"Aviso Legal - CASA DE COCA \u2013\",\"isPartOf\":{\"@id\":\"https:\\\/\\\/casa-de-coca.com\\\/es\\\/#website\"},\"datePublished\":\"2020-11-12T14:36:46+00:00\",\"dateModified\":\"2021-04-06T11:39:00+00:00\",\"breadcrumb\":{\"@id\":\"https:\\\/\\\/casa-de-coca.com\\\/es\\\/impressum\\\/#breadcrumb\"},\"inLanguage\":\"es\",\"potentialAction\":[{\"@type\":\"ReadAction\",\"target\":[\"https:\\\/\\\/casa-de-coca.com\\\/es\\\/impressum\\\/\"]}]},{\"@type\":\"BreadcrumbList\",\"@id\":\"https:\\\/\\\/casa-de-coca.com\\\/es\\\/impressum\\\/#breadcrumb\",\"itemListElement\":[{\"@type\":\"ListItem\",\"position\":1,\"name\":\"Startseite\",\"item\":\"https:\\\/\\\/casa-de-coca.com\\\/es\\\/\"},{\"@type\":\"ListItem\",\"position\":2,\"name\":\"Aviso Legal\"}]},{\"@type\":\"WebSite\",\"@id\":\"https:\\\/\\\/casa-de-coca.com\\\/es\\\/#website\",\"url\":\"https:\\\/\\\/casa-de-coca.com\\\/es\\\/\",\"name\":\"CASA DE COCA \u2013\",\"description\":\"Parfum of the Inka\",\"potentialAction\":[{\"@type\":\"SearchAction\",\"target\":{\"@type\":\"EntryPoint\",\"urlTemplate\":\"https:\\\/\\\/casa-de-coca.com\\\/es\\\/?s={search_term_string}\"},\"query-input\":{\"@type\":\"PropertyValueSpecification\",\"valueRequired\":true,\"valueName\":\"search_term_string\"}}],\"inLanguage\":\"es\"}]}<\/script>\n<!-- \/ Yoast SEO plugin. -->","yoast_head_json":{"title":"Aviso Legal - CASA DE COCA \u2013","robots":{"index":"index","follow":"follow","max-snippet":"max-snippet:-1","max-image-preview":"max-image-preview:large","max-video-preview":"max-video-preview:-1"},"canonical":"https:\/\/casa-de-coca.com\/es\/impressum\/","og_locale":"es_ES","og_type":"article","og_title":"Aviso Legal - CASA DE COCA \u2013","og_description":"[vc_row row_content_width=\u00bbgrid\u00bb css=\u00bb.vc_custom_1617036302716{padding-top: 4em !important;padding-bottom: 4em !important;}\u00bb][vc_column][vc_empty_space height=\u00bb40px\u00bb][vc_column_text]Esta p\u00e1gina web es una oferta de la CdC Trading Company GmbHc\/o Beatrice Graf Steinstra\u00dfe 69 81669 Munich &nbsp; Directora general con poder de representaci\u00f3n: Beatrice Graf Tribunal de registro:: Amtsgericht M\u00fcnchen N\u00famero [&hellip;]","og_url":"https:\/\/casa-de-coca.com\/es\/impressum\/","og_site_name":"CASA DE COCA \u2013","article_modified_time":"2021-04-06T11:39:00+00:00","twitter_card":"summary_large_image","twitter_misc":{"Tiempo de lectura":"3 minutos"},"schema":{"@context":"https:\/\/schema.org","@graph":[{"@type":"WebPage","@id":"https:\/\/casa-de-coca.com\/es\/impressum\/","url":"https:\/\/casa-de-coca.com\/es\/impressum\/","name":"Aviso Legal - CASA DE COCA \u2013","isPartOf":{"@id":"https:\/\/casa-de-coca.com\/es\/#website"},"datePublished":"2020-11-12T14:36:46+00:00","dateModified":"2021-04-06T11:39:00+00:00","breadcrumb":{"@id":"https:\/\/casa-de-coca.com\/es\/impressum\/#breadcrumb"},"inLanguage":"es","potentialAction":[{"@type":"ReadAction","target":["https:\/\/casa-de-coca.com\/es\/impressum\/"]}]},{"@type":"BreadcrumbList","@id":"https:\/\/casa-de-coca.com\/es\/impressum\/#breadcrumb","itemListElement":[{"@type":"ListItem","position":1,"name":"Startseite","item":"https:\/\/casa-de-coca.com\/es\/"},{"@type":"ListItem","position":2,"name":"Aviso Legal"}]},{"@type":"WebSite","@id":"https:\/\/casa-de-coca.com\/es\/#website","url":"https:\/\/casa-de-coca.com\/es\/","name":"CASA DE COCA \u2013","description":"Parfum of the Inka","potentialAction":[{"@type":"SearchAction","target":{"@type":"EntryPoint","urlTemplate":"https:\/\/casa-de-coca.com\/es\/?s={search_term_string}"},"query-input":{"@type":"PropertyValueSpecification","valueRequired":true,"valueName":"search_term_string"}}],"inLanguage":"es"}]}},"_links":{"self":[{"href":"https:\/\/casa-de-coca.com\/es\/wp-json\/wp\/v2\/pages\/6191","targetHints":{"allow":["GET"]}}],"collection":[{"href":"https:\/\/casa-de-coca.com\/es\/wp-json\/wp\/v2\/pages"}],"about":[{"href":"https:\/\/casa-de-coca.com\/es\/wp-json\/wp\/v2\/types\/page"}],"author":[{"embeddable":true,"href":"https:\/\/casa-de-coca.com\/es\/wp-json\/wp\/v2\/users\/1"}],"replies":[{"embeddable":true,"href":"https:\/\/casa-de-coca.com\/es\/wp-json\/wp\/v2\/comments?post=6191"}],"version-history":[{"count":8,"href":"https:\/\/casa-de-coca.com\/es\/wp-json\/wp\/v2\/pages\/6191\/revisions"}],"predecessor-version":[{"id":6492,"href":"https:\/\/casa-de-coca.com\/es\/wp-json\/wp\/v2\/pages\/6191\/revisions\/6492"}],"wp:attachment":[{"href":"https:\/\/casa-de-coca.com\/es\/wp-json\/wp\/v2\/media?parent=6191"}],"curies":[{"name":"wp","href":"https:\/\/api.w.org\/{rel}","templated":true}]}}