{"id":6761,"date":"2021-06-16T12:44:24","date_gmt":"2021-06-16T10:44:24","guid":{"rendered":"https:\/\/layout.casa-de-coca.com\/shop\/parfum-chasqui\/"},"modified":"2021-07-07T23:03:19","modified_gmt":"2021-07-07T21:03:19","slug":"parfum-chasqui","status":"publish","type":"product","link":"https:\/\/casa-de-coca.com\/es\/shop\/parfum-chasqui\/","title":{"rendered":"Parfum Chasqui"},"content":{"rendered":"<p>Notas de salida: lim\u00f3n, bayas rojas, hoja de cedro<br \/>\nNotas de coraz\u00f3n: abs de jazm\u00edn, mate, efectos oz\u00f3nicos<br \/>\nNotas de fondo: cuero, caoba<\/p>\n<p>&nbsp;<\/p>\n<p>Ingredientes: Alcohol Denat, Parfum, Aqua, Limonene, Linalool, Citronellol, Citral, Eugenol, Geraniol, Benzyl Benzoate.<\/p>\n<p>&nbsp;<\/p>\n<p><strong>Chasqui<\/strong><br \/>\nMensajero Inca cuya misi\u00f3n era la transmisi\u00f3n de noticias, \u00f3rdenes y objetos de valor a representantes de la clase dirigente. Los corredores confiaban en su propia fuerza f\u00edsica, en su energ\u00eda y su perseverancia. Un sistema refinado de relevos los llevaba desde la costa hasta la elevaci\u00f3n de las nubes en los Andes. Debido a que formaban parte de la \u00e9lite del Imperio Inca, a los Chasqui se les permit\u00eda el uso de la hoja de coca, que utilizaban como elemento vigorizante. Su legado se puede vivir hoy en d\u00eda en el muy conocido y legendario Camino Inca.<\/p>\n<p>&nbsp;<\/p>\n<p>&nbsp;<\/p>\n\n\t\t\t<!-- START CHASQUI REVOLUTION SLIDER 6.7.35 --><p class=\"rs-p-wp-fix\"><\/p>\n\t\t\t<rs-module-wrap id=\"rev_slider_16_1_wrapper\" data-source=\"gallery\" style=\"visibility:hidden;background:rgba(0,0,0,0);padding:0;\">\n\t\t\t\t<rs-module id=\"rev_slider_16_1\" style=\"\" data-version=\"6.7.35\">\n\t\t\t\t\t<rs-slides style=\"overflow: hidden; position: absolute;\">\n\t\t\t\t\t\t<rs-slide style=\"position: absolute;\" data-key=\"rs-27\" data-title=\"Slide\" data-anim=\"adpr:false;ms:600;\" data-in=\"o:0;\" data-out=\"a:false;\">\n\t\t\t\t\t\t\t<img decoding=\"async\" src=\"\/\/casa-de-coca.com\/wp-content\/plugins\/revslider\/sr6\/assets\/assets\/dummy.png\" alt=\"\" title=\"casa-de-coca-slider-chasqui\" width=\"1920\" height=\"1100\" class=\"rev-slidebg tp-rs-img rs-lazyload\" data-lazyload=\"\/\/casa-de-coca.com\/wp-content\/uploads\/2021\/02\/casa-de-coca-slider-chasqui.jpg\" data-parallax=\"9\" data-no-retina>\n<!--\n\t\t\t\t\t\t\t--><rs-layer\n\t\t\t\t\t\t\t\tid=\"slider-16-slide-27-layer-2\" \n\t\t\t\t\t\t\t\tdata-type=\"image\"\n\t\t\t\t\t\t\t\tdata-rsp_ch=\"on\"\n\t\t\t\t\t\t\t\tdata-xy=\"x:c;yo:432px,247px,174px,107px;\"\n\t\t\t\t\t\t\t\tdata-text=\"w:normal;s:20,11,7,4;l:0,14,9,6;\"\n\t\t\t\t\t\t\t\tdata-dim=\"w:1014px,580px,410px,252px;h:183px,104px,73px,45px;\"\n\t\t\t\t\t\t\t\tdata-frame_999=\"o:0;st:w;\"\n\t\t\t\t\t\t\t\tstyle=\"z-index:7;\"\n\t\t\t\t\t\t\t><img decoding=\"async\" src=\"\/\/casa-de-coca.com\/wp-content\/plugins\/revslider\/sr6\/assets\/assets\/dummy.png\" alt=\"\" class=\"tp-rs-img rs-lazyload\" width=\"1200\" height=\"217\" data-lazyload=\"\/\/casa-de-coca.com\/wp-content\/uploads\/2020\/11\/casa-de-coca-logo-claim-slider.png\" data-no-retina> \n\t\t\t\t\t\t\t<\/rs-layer><!--\n-->\t\t\t\t\t<\/rs-slide>\n\t\t\t\t\t<\/rs-slides>\n\t\t\t\t<\/rs-module>\n\t\t\t\t<script>\n\t\t\t\t\tsetREVStartSize({c: 'rev_slider_16_1',rl:[1240,1024,778,480],el:[1100,670,950,500],gw:[1920,1100,778,480],gh:[1100,670,950,500],type:'standard',justify:'',layout:'fullscreen',offsetContainer:'.touch .mkd-mobile-header',offset:'',mh:\"0\"});if (window.RS_MODULES!==undefined && window.RS_MODULES.modules!==undefined && window.RS_MODULES.modules[\"revslider161\"]!==undefined) {window.RS_MODULES.modules[\"revslider161\"].once = false;window.revapi16 = undefined;if (window.RS_MODULES.checkMinimal!==undefined) window.RS_MODULES.checkMinimal()}\n\t\t\t\t<\/script>\n\t\t\t<\/rs-module-wrap>\n\t\t\t<!-- END REVOLUTION SLIDER -->\n\n","protected":false},"excerpt":{"rendered":"<p>El perfume Chasqui de Casa De Coca le transporta al verde vibrante de los Andes peruanos. Un homenaje a los mensajeros Inca, a quienes la hoja de coca serv\u00eda como fuente energ\u00e9tica.<\/p>\n<p>&nbsp;<\/p>\n<p>Chasqui significa energ\u00eda y apunta a exhibir el esp\u00edritu de intensidad energ\u00e9tica que envuelve al mensajero en sus vertiginosas carreras por la naturaleza andina. La. Fragrancia incorpora elementos olfativos de la orilla del mar, de la selva y los Andes. Una combinaci\u00f3n de Eau de Cologne con Eau-fra\u00eeche da vida a una frescura simple y clara, pero al mismo tiempo sofisticada.<\/p>\n<p>&nbsp;<\/p>\n<p>50 ml Eau de Parfum.<\/p>\n","protected":false},"featured_media":6882,"template":"","meta":{"inline_featured_image":false},"product_brand":[],"product_cat":[148],"product_tag":[],"class_list":{"0":"post-6761","1":"product","2":"type-product","3":"status-publish","4":"has-post-thumbnail","6":"product_cat-unkategorisiert-es","7":"product_shipping_class-envio-de-perfumes","9":"first","10":"outofstock","11":"taxable","12":"shipping-taxable","13":"purchasable","14":"product-type-simple"},"yoast_head":"<!-- This site is optimized with the Yoast SEO plugin v27.3 - https:\/\/yoast.com\/product\/yoast-seo-wordpress\/ -->\n<title>Parfum Chasqui - CASA DE COCA \u2013<\/title>\n<meta name=\"robots\" content=\"index, follow, max-snippet:-1, max-image-preview:large, max-video-preview:-1\" \/>\n<link rel=\"canonical\" href=\"https:\/\/casa-de-coca.com\/es\/shop\/parfum-chasqui\/\" \/>\n<meta property=\"og:locale\" content=\"es_ES\" \/>\n<meta property=\"og:type\" content=\"article\" \/>\n<meta property=\"og:title\" content=\"Parfum Chasqui - CASA DE COCA \u2013\" \/>\n<meta property=\"og:description\" content=\"El perfume Chasqui de Casa De Coca le transporta al verde vibrante de los Andes peruanos. Un homenaje a los mensajeros Inca, a quienes la hoja de coca serv\u00eda como fuente energ\u00e9tica.  &nbsp;  Chasqui significa energ\u00eda y apunta a exhibir el esp\u00edritu de intensidad energ\u00e9tica que envuelve al mensajero en sus vertiginosas carreras por la naturaleza andina. La. Fragrancia incorpora elementos olfativos de la orilla del mar, de la selva y los Andes. Una combinaci\u00f3n de Eau de Cologne con Eau-fra\u00eeche da vida a una frescura simple y clara, pero al mismo tiempo sofisticada.  &nbsp;  50 ml Eau de Parfum.\" \/>\n<meta property=\"og:url\" content=\"https:\/\/casa-de-coca.com\/es\/shop\/parfum-chasqui\/\" \/>\n<meta property=\"og:site_name\" content=\"CASA DE COCA \u2013\" \/>\n<meta property=\"article:modified_time\" content=\"2021-07-07T21:03:19+00:00\" \/>\n<meta name=\"twitter:card\" content=\"summary_large_image\" \/>\n<meta name=\"twitter:label1\" content=\"Tiempo de lectura\" \/>\n\t<meta name=\"twitter:data1\" content=\"1 minuto\" \/>\n<script type=\"application\/ld+json\" class=\"yoast-schema-graph\">{\"@context\":\"https:\\\/\\\/schema.org\",\"@graph\":[{\"@type\":\"WebPage\",\"@id\":\"https:\\\/\\\/casa-de-coca.com\\\/es\\\/shop\\\/parfum-chasqui\\\/\",\"url\":\"https:\\\/\\\/casa-de-coca.com\\\/es\\\/shop\\\/parfum-chasqui\\\/\",\"name\":\"Parfum Chasqui - CASA DE COCA \u2013\",\"isPartOf\":{\"@id\":\"https:\\\/\\\/casa-de-coca.com\\\/es\\\/#website\"},\"primaryImageOfPage\":{\"@id\":\"https:\\\/\\\/casa-de-coca.com\\\/es\\\/shop\\\/parfum-chasqui\\\/#primaryimage\"},\"image\":{\"@id\":\"https:\\\/\\\/casa-de-coca.com\\\/es\\\/shop\\\/parfum-chasqui\\\/#primaryimage\"},\"thumbnailUrl\":\"https:\\\/\\\/casa-de-coca.com\\\/wp-content\\\/uploads\\\/2021\\\/06\\\/casa-de-coca-chasqui-4.jpg\",\"datePublished\":\"2021-06-16T10:44:24+00:00\",\"dateModified\":\"2021-07-07T21:03:19+00:00\",\"breadcrumb\":{\"@id\":\"https:\\\/\\\/casa-de-coca.com\\\/es\\\/shop\\\/parfum-chasqui\\\/#breadcrumb\"},\"inLanguage\":\"es\",\"potentialAction\":[{\"@type\":\"ReadAction\",\"target\":[\"https:\\\/\\\/casa-de-coca.com\\\/es\\\/shop\\\/parfum-chasqui\\\/\"]}]},{\"@type\":\"ImageObject\",\"inLanguage\":\"es\",\"@id\":\"https:\\\/\\\/casa-de-coca.com\\\/es\\\/shop\\\/parfum-chasqui\\\/#primaryimage\",\"url\":\"https:\\\/\\\/casa-de-coca.com\\\/wp-content\\\/uploads\\\/2021\\\/06\\\/casa-de-coca-chasqui-4.jpg\",\"contentUrl\":\"https:\\\/\\\/casa-de-coca.com\\\/wp-content\\\/uploads\\\/2021\\\/06\\\/casa-de-coca-chasqui-4.jpg\",\"width\":1200,\"height\":1200,\"caption\":\"CHASQUI\"},{\"@type\":\"BreadcrumbList\",\"@id\":\"https:\\\/\\\/casa-de-coca.com\\\/es\\\/shop\\\/parfum-chasqui\\\/#breadcrumb\",\"itemListElement\":[{\"@type\":\"ListItem\",\"position\":1,\"name\":\"Startseite\",\"item\":\"https:\\\/\\\/casa-de-coca.com\\\/es\\\/\"},{\"@type\":\"ListItem\",\"position\":2,\"name\":\"Productos\",\"item\":\"https:\\\/\\\/casa-de-coca.com\\\/es\\\/productos\\\/\"},{\"@type\":\"ListItem\",\"position\":3,\"name\":\"Parfum Chasqui\"}]},{\"@type\":\"WebSite\",\"@id\":\"https:\\\/\\\/casa-de-coca.com\\\/es\\\/#website\",\"url\":\"https:\\\/\\\/casa-de-coca.com\\\/es\\\/\",\"name\":\"CASA DE COCA \u2013\",\"description\":\"Parfum of the Inka\",\"potentialAction\":[{\"@type\":\"SearchAction\",\"target\":{\"@type\":\"EntryPoint\",\"urlTemplate\":\"https:\\\/\\\/casa-de-coca.com\\\/es\\\/?s={search_term_string}\"},\"query-input\":{\"@type\":\"PropertyValueSpecification\",\"valueRequired\":true,\"valueName\":\"search_term_string\"}}],\"inLanguage\":\"es\"}]}<\/script>\n<!-- \/ Yoast SEO plugin. -->","yoast_head_json":{"title":"Parfum Chasqui - CASA DE COCA \u2013","robots":{"index":"index","follow":"follow","max-snippet":"max-snippet:-1","max-image-preview":"max-image-preview:large","max-video-preview":"max-video-preview:-1"},"canonical":"https:\/\/casa-de-coca.com\/es\/shop\/parfum-chasqui\/","og_locale":"es_ES","og_type":"article","og_title":"Parfum Chasqui - CASA DE COCA \u2013","og_description":"El perfume Chasqui de Casa De Coca le transporta al verde vibrante de los Andes peruanos. Un homenaje a los mensajeros Inca, a quienes la hoja de coca serv\u00eda como fuente energ\u00e9tica.  &nbsp;  Chasqui significa energ\u00eda y apunta a exhibir el esp\u00edritu de intensidad energ\u00e9tica que envuelve al mensajero en sus vertiginosas carreras por la naturaleza andina. La. Fragrancia incorpora elementos olfativos de la orilla del mar, de la selva y los Andes. Una combinaci\u00f3n de Eau de Cologne con Eau-fra\u00eeche da vida a una frescura simple y clara, pero al mismo tiempo sofisticada.  &nbsp;  50 ml Eau de Parfum.","og_url":"https:\/\/casa-de-coca.com\/es\/shop\/parfum-chasqui\/","og_site_name":"CASA DE COCA \u2013","article_modified_time":"2021-07-07T21:03:19+00:00","twitter_card":"summary_large_image","twitter_misc":{"Tiempo de lectura":"1 minuto"},"schema":{"@context":"https:\/\/schema.org","@graph":[{"@type":"WebPage","@id":"https:\/\/casa-de-coca.com\/es\/shop\/parfum-chasqui\/","url":"https:\/\/casa-de-coca.com\/es\/shop\/parfum-chasqui\/","name":"Parfum Chasqui - CASA DE COCA \u2013","isPartOf":{"@id":"https:\/\/casa-de-coca.com\/es\/#website"},"primaryImageOfPage":{"@id":"https:\/\/casa-de-coca.com\/es\/shop\/parfum-chasqui\/#primaryimage"},"image":{"@id":"https:\/\/casa-de-coca.com\/es\/shop\/parfum-chasqui\/#primaryimage"},"thumbnailUrl":"https:\/\/casa-de-coca.com\/wp-content\/uploads\/2021\/06\/casa-de-coca-chasqui-4.jpg","datePublished":"2021-06-16T10:44:24+00:00","dateModified":"2021-07-07T21:03:19+00:00","breadcrumb":{"@id":"https:\/\/casa-de-coca.com\/es\/shop\/parfum-chasqui\/#breadcrumb"},"inLanguage":"es","potentialAction":[{"@type":"ReadAction","target":["https:\/\/casa-de-coca.com\/es\/shop\/parfum-chasqui\/"]}]},{"@type":"ImageObject","inLanguage":"es","@id":"https:\/\/casa-de-coca.com\/es\/shop\/parfum-chasqui\/#primaryimage","url":"https:\/\/casa-de-coca.com\/wp-content\/uploads\/2021\/06\/casa-de-coca-chasqui-4.jpg","contentUrl":"https:\/\/casa-de-coca.com\/wp-content\/uploads\/2021\/06\/casa-de-coca-chasqui-4.jpg","width":1200,"height":1200,"caption":"CHASQUI"},{"@type":"BreadcrumbList","@id":"https:\/\/casa-de-coca.com\/es\/shop\/parfum-chasqui\/#breadcrumb","itemListElement":[{"@type":"ListItem","position":1,"name":"Startseite","item":"https:\/\/casa-de-coca.com\/es\/"},{"@type":"ListItem","position":2,"name":"Productos","item":"https:\/\/casa-de-coca.com\/es\/productos\/"},{"@type":"ListItem","position":3,"name":"Parfum Chasqui"}]},{"@type":"WebSite","@id":"https:\/\/casa-de-coca.com\/es\/#website","url":"https:\/\/casa-de-coca.com\/es\/","name":"CASA DE COCA \u2013","description":"Parfum of the Inka","potentialAction":[{"@type":"SearchAction","target":{"@type":"EntryPoint","urlTemplate":"https:\/\/casa-de-coca.com\/es\/?s={search_term_string}"},"query-input":{"@type":"PropertyValueSpecification","valueRequired":true,"valueName":"search_term_string"}}],"inLanguage":"es"}]}},"_links":{"self":[{"href":"https:\/\/casa-de-coca.com\/es\/wp-json\/wp\/v2\/product\/6761","targetHints":{"allow":["GET"]}}],"collection":[{"href":"https:\/\/casa-de-coca.com\/es\/wp-json\/wp\/v2\/product"}],"about":[{"href":"https:\/\/casa-de-coca.com\/es\/wp-json\/wp\/v2\/types\/product"}],"wp:featuredmedia":[{"embeddable":true,"href":"https:\/\/casa-de-coca.com\/es\/wp-json\/wp\/v2\/media\/6882"}],"wp:attachment":[{"href":"https:\/\/casa-de-coca.com\/es\/wp-json\/wp\/v2\/media?parent=6761"}],"wp:term":[{"taxonomy":"product_brand","embeddable":true,"href":"https:\/\/casa-de-coca.com\/es\/wp-json\/wp\/v2\/product_brand?post=6761"},{"taxonomy":"product_cat","embeddable":true,"href":"https:\/\/casa-de-coca.com\/es\/wp-json\/wp\/v2\/product_cat?post=6761"},{"taxonomy":"product_tag","embeddable":true,"href":"https:\/\/casa-de-coca.com\/es\/wp-json\/wp\/v2\/product_tag?post=6761"}],"curies":[{"name":"wp","href":"https:\/\/api.w.org\/{rel}","templated":true}]}}