{"id":6763,"date":"2021-06-28T19:54:10","date_gmt":"2021-06-28T17:54:10","guid":{"rendered":"https:\/\/layout.casa-de-coca.com\/shop\/parfum-noche-de-coca\/"},"modified":"2021-06-28T19:54:10","modified_gmt":"2021-06-28T17:54:10","slug":"parfum-noche-de-coca","status":"publish","type":"product","link":"https:\/\/casa-de-coca.com\/es\/shop\/parfum-noche-de-coca\/","title":{"rendered":"Parfum Noche de Coca"},"content":{"rendered":"<p>Notas de salida: bergamota, davana, pimienta rosa<br \/>\nNotas de coraz\u00f3n: pimienta verde, cuero<br \/>\nNotas de fondo: abs de mate, resina, l\u00e1dano<\/p>\n<p>&nbsp;<\/p>\n<p>Ingredientes: Alcohol Denat, Parfum, Aqua, Limonene, Linalool, Hydroxycitronellal, Citral, Citronellol, Hexyl Cinnamal, Geraniol.<\/p>\n<p>&nbsp;<\/p>\n<p><strong>Noche de Coca<\/strong><br \/>\nLos ritos y las ceremonias representaban una parte esencial del modo de vida del Imperio Inca. La austeridad majestuosa y ritualista caracterizaba las ceremonias. Las vestimentas imponentes y elaboradamente bordadas, las joyas de oro y la actitud de los Inca resaltan la importancia de los ritos. Sus magnificas obras arquitect\u00f3nicas, entre las cuales la ciudadela de Machu Picchu, son testimonio de aquella alta cultura. Varios museos ofrecen una visualizaci\u00f3n general de la sofisticada artesan\u00eda de oro y textiles.<\/p>\n<p>&nbsp;<br \/>\n&nbsp;<\/p>\n\n\t\t\t<!-- START Noche REVOLUTION SLIDER 6.7.35 --><p class=\"rs-p-wp-fix\"><\/p>\n\t\t\t<rs-module-wrap id=\"rev_slider_17_1_wrapper\" data-source=\"gallery\" style=\"visibility:hidden;background:rgba(0,0,0,0);padding:0;\">\n\t\t\t\t<rs-module id=\"rev_slider_17_1\" style=\"\" data-version=\"6.7.35\">\n\t\t\t\t\t<rs-slides style=\"overflow: hidden; position: absolute;\">\n\t\t\t\t\t\t<rs-slide style=\"position: absolute;\" data-key=\"rs-28\" data-title=\"Slide\" data-anim=\"adpr:false;ms:600;\" data-in=\"o:0;\" data-out=\"a:false;\">\n\t\t\t\t\t\t\t<img decoding=\"async\" src=\"\/\/casa-de-coca.com\/wp-content\/plugins\/revslider\/sr6\/assets\/assets\/dummy.png\" alt=\"\" title=\"casa-de-coca-slider-noche\" width=\"1920\" height=\"1100\" class=\"rev-slidebg tp-rs-img rs-lazyload\" data-lazyload=\"\/\/casa-de-coca.com\/wp-content\/uploads\/2021\/02\/casa-de-coca-slider-noche.jpg\" data-parallax=\"9\" data-no-retina>\n<!--\n\t\t\t\t\t\t\t--><rs-layer\n\t\t\t\t\t\t\t\tid=\"slider-17-slide-28-layer-2\" \n\t\t\t\t\t\t\t\tdata-type=\"image\"\n\t\t\t\t\t\t\t\tdata-rsp_ch=\"on\"\n\t\t\t\t\t\t\t\tdata-xy=\"x:c;yo:432px,247px,174px,107px;\"\n\t\t\t\t\t\t\t\tdata-text=\"w:normal;s:20,11,7,4;l:0,14,9,6;\"\n\t\t\t\t\t\t\t\tdata-dim=\"w:1014px,580px,410px,252px;h:183px,104px,73px,45px;\"\n\t\t\t\t\t\t\t\tdata-frame_999=\"o:0;st:w;\"\n\t\t\t\t\t\t\t\tstyle=\"z-index:7;\"\n\t\t\t\t\t\t\t><img decoding=\"async\" src=\"\/\/casa-de-coca.com\/wp-content\/plugins\/revslider\/sr6\/assets\/assets\/dummy.png\" alt=\"\" class=\"tp-rs-img rs-lazyload\" width=\"1200\" height=\"217\" data-lazyload=\"\/\/casa-de-coca.com\/wp-content\/uploads\/2020\/11\/casa-de-coca-logo-claim-slider.png\" data-no-retina> \n\t\t\t\t\t\t\t<\/rs-layer><!--\n-->\t\t\t\t\t<\/rs-slide>\n\t\t\t\t\t<\/rs-slides>\n\t\t\t\t<\/rs-module>\n\t\t\t\t<script>\n\t\t\t\t\tsetREVStartSize({c: 'rev_slider_17_1',rl:[1240,1024,778,480],el:[1100,670,950,500],gw:[1920,1100,778,480],gh:[1100,670,950,500],type:'standard',justify:'',layout:'fullscreen',offsetContainer:'.touch .mkd-mobile-header',offset:'',mh:\"0\"});if (window.RS_MODULES!==undefined && window.RS_MODULES.modules!==undefined && window.RS_MODULES.modules[\"revslider171\"]!==undefined) {window.RS_MODULES.modules[\"revslider171\"].once = false;window.revapi17 = undefined;if (window.RS_MODULES.checkMinimal!==undefined) window.RS_MODULES.checkMinimal()}\n\t\t\t\t<\/script>\n\t\t\t<\/rs-module-wrap>\n\t\t\t<!-- END REVOLUTION SLIDER -->\n\n","protected":false},"excerpt":{"rendered":"<p>El perfume Noche de Coca de Casa De Coca invoca el aura m\u00e1gico y la suntuosidad de la ceremonia Inca. La hoja de coca como un s\u00edmbolo majestuoso del poder de los Inca.<\/p>\n<p>&nbsp;<\/p>\n<p>La Noche de Coca es un digno reflejo del gobernante Inca: telas suntuosas, oro pesado y reluciente y preciosidades de madera sagrada se mezclan en una composici\u00f3n de incienso y pimienta rosa. Digno de un Emperador Inca: el incienso y la pimienta rosa, suaves, envuelven un n\u00facleo mineral, grave. Usando una intensa presencia de una nota fondo chipre, Noche de Coca logra un efecto de envoltura c\u00e1lida, pero al mismo tiempo efervescente.<\/p>\n<p>&nbsp;<\/p>\n<p>50 ml Eau de Parfum<\/p>\n","protected":false},"featured_media":6883,"template":"","meta":{"inline_featured_image":false},"product_brand":[],"product_cat":[148],"product_tag":[],"class_list":{"0":"post-6763","1":"product","2":"type-product","3":"status-publish","4":"has-post-thumbnail","6":"product_cat-unkategorisiert-es","7":"product_shipping_class-envio-de-perfumes","9":"first","10":"outofstock","11":"taxable","12":"shipping-taxable","13":"purchasable","14":"product-type-simple"},"yoast_head":"<!-- This site is optimized with the Yoast SEO plugin v27.3 - https:\/\/yoast.com\/product\/yoast-seo-wordpress\/ -->\n<title>Parfum Noche de Coca - CASA DE COCA \u2013<\/title>\n<meta name=\"robots\" content=\"index, follow, max-snippet:-1, max-image-preview:large, max-video-preview:-1\" \/>\n<link rel=\"canonical\" href=\"https:\/\/casa-de-coca.com\/es\/shop\/parfum-noche-de-coca\/\" \/>\n<meta property=\"og:locale\" content=\"es_ES\" \/>\n<meta property=\"og:type\" content=\"article\" \/>\n<meta property=\"og:title\" content=\"Parfum Noche de Coca - CASA DE COCA \u2013\" \/>\n<meta property=\"og:description\" content=\"El perfume Noche de Coca de Casa De Coca invoca el aura m\u00e1gico y la suntuosidad de la ceremonia Inca. La hoja de coca como un s\u00edmbolo majestuoso del poder de los Inca.  &nbsp;  La Noche de Coca es un digno reflejo del gobernante Inca: telas suntuosas, oro pesado y reluciente y preciosidades de madera sagrada se mezclan en una composici\u00f3n de incienso y pimienta rosa. Digno de un Emperador Inca: el incienso y la pimienta rosa, suaves, envuelven un n\u00facleo mineral, grave. Usando una intensa presencia de una nota fondo chipre, Noche de Coca logra un efecto de envoltura c\u00e1lida, pero al mismo tiempo efervescente.  &nbsp;  50 ml Eau de Parfum\" \/>\n<meta property=\"og:url\" content=\"https:\/\/casa-de-coca.com\/es\/shop\/parfum-noche-de-coca\/\" \/>\n<meta property=\"og:site_name\" content=\"CASA DE COCA \u2013\" \/>\n<meta name=\"twitter:card\" content=\"summary_large_image\" \/>\n<meta name=\"twitter:label1\" content=\"Tiempo de lectura\" \/>\n\t<meta name=\"twitter:data1\" content=\"1 minuto\" \/>\n<script type=\"application\/ld+json\" class=\"yoast-schema-graph\">{\"@context\":\"https:\\\/\\\/schema.org\",\"@graph\":[{\"@type\":\"WebPage\",\"@id\":\"https:\\\/\\\/casa-de-coca.com\\\/es\\\/shop\\\/parfum-noche-de-coca\\\/\",\"url\":\"https:\\\/\\\/casa-de-coca.com\\\/es\\\/shop\\\/parfum-noche-de-coca\\\/\",\"name\":\"Parfum Noche de Coca - CASA DE COCA \u2013\",\"isPartOf\":{\"@id\":\"https:\\\/\\\/casa-de-coca.com\\\/es\\\/#website\"},\"primaryImageOfPage\":{\"@id\":\"https:\\\/\\\/casa-de-coca.com\\\/es\\\/shop\\\/parfum-noche-de-coca\\\/#primaryimage\"},\"image\":{\"@id\":\"https:\\\/\\\/casa-de-coca.com\\\/es\\\/shop\\\/parfum-noche-de-coca\\\/#primaryimage\"},\"thumbnailUrl\":\"https:\\\/\\\/casa-de-coca.com\\\/wp-content\\\/uploads\\\/2021\\\/06\\\/casa-de-coca-noche-de-coca-1.jpg\",\"datePublished\":\"2021-06-28T17:54:10+00:00\",\"breadcrumb\":{\"@id\":\"https:\\\/\\\/casa-de-coca.com\\\/es\\\/shop\\\/parfum-noche-de-coca\\\/#breadcrumb\"},\"inLanguage\":\"es\",\"potentialAction\":[{\"@type\":\"ReadAction\",\"target\":[\"https:\\\/\\\/casa-de-coca.com\\\/es\\\/shop\\\/parfum-noche-de-coca\\\/\"]}]},{\"@type\":\"ImageObject\",\"inLanguage\":\"es\",\"@id\":\"https:\\\/\\\/casa-de-coca.com\\\/es\\\/shop\\\/parfum-noche-de-coca\\\/#primaryimage\",\"url\":\"https:\\\/\\\/casa-de-coca.com\\\/wp-content\\\/uploads\\\/2021\\\/06\\\/casa-de-coca-noche-de-coca-1.jpg\",\"contentUrl\":\"https:\\\/\\\/casa-de-coca.com\\\/wp-content\\\/uploads\\\/2021\\\/06\\\/casa-de-coca-noche-de-coca-1.jpg\",\"width\":1200,\"height\":1200,\"caption\":\"NOCHE DE COCA\"},{\"@type\":\"BreadcrumbList\",\"@id\":\"https:\\\/\\\/casa-de-coca.com\\\/es\\\/shop\\\/parfum-noche-de-coca\\\/#breadcrumb\",\"itemListElement\":[{\"@type\":\"ListItem\",\"position\":1,\"name\":\"Startseite\",\"item\":\"https:\\\/\\\/casa-de-coca.com\\\/es\\\/\"},{\"@type\":\"ListItem\",\"position\":2,\"name\":\"Productos\",\"item\":\"https:\\\/\\\/casa-de-coca.com\\\/es\\\/productos\\\/\"},{\"@type\":\"ListItem\",\"position\":3,\"name\":\"Parfum Noche de Coca\"}]},{\"@type\":\"WebSite\",\"@id\":\"https:\\\/\\\/casa-de-coca.com\\\/es\\\/#website\",\"url\":\"https:\\\/\\\/casa-de-coca.com\\\/es\\\/\",\"name\":\"CASA DE COCA \u2013\",\"description\":\"Parfum of the Inka\",\"potentialAction\":[{\"@type\":\"SearchAction\",\"target\":{\"@type\":\"EntryPoint\",\"urlTemplate\":\"https:\\\/\\\/casa-de-coca.com\\\/es\\\/?s={search_term_string}\"},\"query-input\":{\"@type\":\"PropertyValueSpecification\",\"valueRequired\":true,\"valueName\":\"search_term_string\"}}],\"inLanguage\":\"es\"}]}<\/script>\n<!-- \/ Yoast SEO plugin. -->","yoast_head_json":{"title":"Parfum Noche de Coca - CASA DE COCA \u2013","robots":{"index":"index","follow":"follow","max-snippet":"max-snippet:-1","max-image-preview":"max-image-preview:large","max-video-preview":"max-video-preview:-1"},"canonical":"https:\/\/casa-de-coca.com\/es\/shop\/parfum-noche-de-coca\/","og_locale":"es_ES","og_type":"article","og_title":"Parfum Noche de Coca - CASA DE COCA \u2013","og_description":"El perfume Noche de Coca de Casa De Coca invoca el aura m\u00e1gico y la suntuosidad de la ceremonia Inca. La hoja de coca como un s\u00edmbolo majestuoso del poder de los Inca.  &nbsp;  La Noche de Coca es un digno reflejo del gobernante Inca: telas suntuosas, oro pesado y reluciente y preciosidades de madera sagrada se mezclan en una composici\u00f3n de incienso y pimienta rosa. Digno de un Emperador Inca: el incienso y la pimienta rosa, suaves, envuelven un n\u00facleo mineral, grave. Usando una intensa presencia de una nota fondo chipre, Noche de Coca logra un efecto de envoltura c\u00e1lida, pero al mismo tiempo efervescente.  &nbsp;  50 ml Eau de Parfum","og_url":"https:\/\/casa-de-coca.com\/es\/shop\/parfum-noche-de-coca\/","og_site_name":"CASA DE COCA \u2013","twitter_card":"summary_large_image","twitter_misc":{"Tiempo de lectura":"1 minuto"},"schema":{"@context":"https:\/\/schema.org","@graph":[{"@type":"WebPage","@id":"https:\/\/casa-de-coca.com\/es\/shop\/parfum-noche-de-coca\/","url":"https:\/\/casa-de-coca.com\/es\/shop\/parfum-noche-de-coca\/","name":"Parfum Noche de Coca - CASA DE COCA \u2013","isPartOf":{"@id":"https:\/\/casa-de-coca.com\/es\/#website"},"primaryImageOfPage":{"@id":"https:\/\/casa-de-coca.com\/es\/shop\/parfum-noche-de-coca\/#primaryimage"},"image":{"@id":"https:\/\/casa-de-coca.com\/es\/shop\/parfum-noche-de-coca\/#primaryimage"},"thumbnailUrl":"https:\/\/casa-de-coca.com\/wp-content\/uploads\/2021\/06\/casa-de-coca-noche-de-coca-1.jpg","datePublished":"2021-06-28T17:54:10+00:00","breadcrumb":{"@id":"https:\/\/casa-de-coca.com\/es\/shop\/parfum-noche-de-coca\/#breadcrumb"},"inLanguage":"es","potentialAction":[{"@type":"ReadAction","target":["https:\/\/casa-de-coca.com\/es\/shop\/parfum-noche-de-coca\/"]}]},{"@type":"ImageObject","inLanguage":"es","@id":"https:\/\/casa-de-coca.com\/es\/shop\/parfum-noche-de-coca\/#primaryimage","url":"https:\/\/casa-de-coca.com\/wp-content\/uploads\/2021\/06\/casa-de-coca-noche-de-coca-1.jpg","contentUrl":"https:\/\/casa-de-coca.com\/wp-content\/uploads\/2021\/06\/casa-de-coca-noche-de-coca-1.jpg","width":1200,"height":1200,"caption":"NOCHE DE COCA"},{"@type":"BreadcrumbList","@id":"https:\/\/casa-de-coca.com\/es\/shop\/parfum-noche-de-coca\/#breadcrumb","itemListElement":[{"@type":"ListItem","position":1,"name":"Startseite","item":"https:\/\/casa-de-coca.com\/es\/"},{"@type":"ListItem","position":2,"name":"Productos","item":"https:\/\/casa-de-coca.com\/es\/productos\/"},{"@type":"ListItem","position":3,"name":"Parfum Noche de Coca"}]},{"@type":"WebSite","@id":"https:\/\/casa-de-coca.com\/es\/#website","url":"https:\/\/casa-de-coca.com\/es\/","name":"CASA DE COCA \u2013","description":"Parfum of the Inka","potentialAction":[{"@type":"SearchAction","target":{"@type":"EntryPoint","urlTemplate":"https:\/\/casa-de-coca.com\/es\/?s={search_term_string}"},"query-input":{"@type":"PropertyValueSpecification","valueRequired":true,"valueName":"search_term_string"}}],"inLanguage":"es"}]}},"_links":{"self":[{"href":"https:\/\/casa-de-coca.com\/es\/wp-json\/wp\/v2\/product\/6763","targetHints":{"allow":["GET"]}}],"collection":[{"href":"https:\/\/casa-de-coca.com\/es\/wp-json\/wp\/v2\/product"}],"about":[{"href":"https:\/\/casa-de-coca.com\/es\/wp-json\/wp\/v2\/types\/product"}],"wp:featuredmedia":[{"embeddable":true,"href":"https:\/\/casa-de-coca.com\/es\/wp-json\/wp\/v2\/media\/6883"}],"wp:attachment":[{"href":"https:\/\/casa-de-coca.com\/es\/wp-json\/wp\/v2\/media?parent=6763"}],"wp:term":[{"taxonomy":"product_brand","embeddable":true,"href":"https:\/\/casa-de-coca.com\/es\/wp-json\/wp\/v2\/product_brand?post=6763"},{"taxonomy":"product_cat","embeddable":true,"href":"https:\/\/casa-de-coca.com\/es\/wp-json\/wp\/v2\/product_cat?post=6763"},{"taxonomy":"product_tag","embeddable":true,"href":"https:\/\/casa-de-coca.com\/es\/wp-json\/wp\/v2\/product_tag?post=6763"}],"curies":[{"name":"wp","href":"https:\/\/api.w.org\/{rel}","templated":true}]}}