{"id":7245,"date":"2022-07-18T13:03:33","date_gmt":"2022-07-18T11:03:33","guid":{"rendered":"https:\/\/casa-de-coca.com\/?post_type=product&#038;p=7245"},"modified":"2022-08-26T11:13:55","modified_gmt":"2022-08-26T09:13:55","slug":"palo-santo-incienso","status":"publish","type":"product","link":"https:\/\/casa-de-coca.com\/es\/shop\/palo-santo-incienso\/","title":{"rendered":"Palo Santo (incienso)"},"content":{"rendered":"<p>Aroma: Suave aroma amaderado con aromas de menta, pino y lima. <\/p>\n<p>&nbsp;<\/p>\n<p>Aplicaci\u00f3n: Sostenga un palo de Palo Santo en un \u00e1ngulo de 45\u00b0 y enci\u00e9ndelo.<br \/>\nDeje que se queme durante unos 30 segundos, agitando suavemente el palo en el aire. Colocar en una superficie ign\u00edfuga. Disfruta de la fragancia limpiadora y calmante. Act\u00faa en un lugar ventilado. <\/p>\n<p>&nbsp;<\/p>\n<p><strong>Antecedentes <\/strong> <span style=\"color: #94703b;\">Palo Santo<\/span><br \/>\nEl Palo Santo, conocido como la Madera Sagrada, tiene un significado muy especial para la cultura incaica. Durante miles de a\u00f1os, la madera se ha utilizado en ceremonias m\u00edsticas tradicionales y rituales espirituales para purificar el cuerpo y la mente y comunicarse con los dioses. A\u00fan hoy, los sacerdotes y chamanes Paq&#8217;os utilizan el Palo Santo en las ceremonias de Ayahuasca. Se dice que el incienso tiene poderes curativos y aleja las energ\u00edas negativas. Se dice que los esp\u00edritus malignos huyen del olor caracter\u00edstico de la resina que contiene la madera. La propia madera sufre un proceso de transformaci\u00f3n natural y s\u00f3lo alcanza sus propiedades arom\u00e1ticas despu\u00e9s de varios a\u00f1os. Este proceso de maduraci\u00f3n confiere al Palo Santo una calidad exclusiva adicional.<\/p>\n<p>&nbsp;<\/p>\n<p>&nbsp;<\/p>\n\n\t\t\t<!-- START palo santo REVOLUTION SLIDER 6.7.35 --><p class=\"rs-p-wp-fix\"><\/p>\n\t\t\t<rs-module-wrap id=\"rev_slider_19_1_wrapper\" data-source=\"gallery\" style=\"visibility:hidden;background:rgba(0,0,0,0);padding:0;\">\n\t\t\t\t<rs-module id=\"rev_slider_19_1\" style=\"\" data-version=\"6.7.35\">\n\t\t\t\t\t<rs-slides style=\"overflow: hidden; position: absolute;\">\n\t\t\t\t\t\t<rs-slide style=\"position: absolute;\" data-key=\"rs-30\" data-title=\"Slide\" data-anim=\"adpr:false;ms:600;\" data-in=\"o:0;\" data-out=\"a:false;\">\n\t\t\t\t\t\t\t<img decoding=\"async\" src=\"\/\/casa-de-coca.com\/wp-content\/plugins\/revslider\/sr6\/assets\/assets\/dummy.png\" alt=\"\" title=\"casa-de-coca-slider-palo-santo\" width=\"1920\" height=\"1100\" class=\"rev-slidebg tp-rs-img rs-lazyload\" data-lazyload=\"\/\/casa-de-coca.com\/wp-content\/uploads\/2022\/08\/casa-de-coca-slider-palo-santo.jpg\" data-parallax=\"9\" data-no-retina>\n<!--\n\t\t\t\t\t\t\t--><rs-layer\n\t\t\t\t\t\t\t\tid=\"slider-19-slide-30-layer-2\" \n\t\t\t\t\t\t\t\tdata-type=\"image\"\n\t\t\t\t\t\t\t\tdata-rsp_ch=\"on\"\n\t\t\t\t\t\t\t\tdata-xy=\"x:c;yo:432px,247px,174px,107px;\"\n\t\t\t\t\t\t\t\tdata-text=\"w:normal;s:20,11,7,4;l:0,14,9,6;\"\n\t\t\t\t\t\t\t\tdata-dim=\"w:1014px,580px,410px,252px;h:183px,104px,73px,45px;\"\n\t\t\t\t\t\t\t\tdata-frame_999=\"o:0;st:w;\"\n\t\t\t\t\t\t\t\tstyle=\"z-index:7;\"\n\t\t\t\t\t\t\t><img decoding=\"async\" src=\"\/\/casa-de-coca.com\/wp-content\/plugins\/revslider\/sr6\/assets\/assets\/dummy.png\" alt=\"\" class=\"tp-rs-img rs-lazyload\" width=\"1200\" height=\"217\" data-lazyload=\"\/\/casa-de-coca.com\/wp-content\/uploads\/2020\/11\/casa-de-coca-logo-claim-slider.png\" data-no-retina> \n\t\t\t\t\t\t\t<\/rs-layer><!--\n-->\t\t\t\t\t<\/rs-slide>\n\t\t\t\t\t<\/rs-slides>\n\t\t\t\t<\/rs-module>\n\t\t\t\t<script>\n\t\t\t\t\tsetREVStartSize({c: 'rev_slider_19_1',rl:[1240,1024,778,480],el:[1100,670,950,500],gw:[1920,1100,778,480],gh:[1100,670,950,500],type:'standard',justify:'',layout:'fullscreen',offsetContainer:'.touch .mkd-mobile-header',offset:'',mh:\"0\"});if (window.RS_MODULES!==undefined && window.RS_MODULES.modules!==undefined && window.RS_MODULES.modules[\"revslider191\"]!==undefined) {window.RS_MODULES.modules[\"revslider191\"].once = false;window.revapi19 = undefined;if (window.RS_MODULES.checkMinimal!==undefined) window.RS_MODULES.checkMinimal()}\n\t\t\t\t<\/script>\n\t\t\t<\/rs-module-wrap>\n\t\t\t<!-- END REVOLUTION SLIDER -->\n\n","protected":false},"excerpt":{"rendered":"<p>Su efecto estimulante y su uso para la limpieza espiritual hacen de la madera sagrada de los incas una de las maderas de incienso m\u00e1s populares hoy en d\u00eda para la meditaci\u00f3n, el yoga y la aromatizaci\u00f3n de habitaciones. Con las esencias de menta, pino, lima y un aroma \u00fanico, el Palo Santo contribuye a la relajaci\u00f3n y al equilibrio interior positivo. <\/p>\n<p>&nbsp;<\/p>\n<p>Contenido: 5 maderas de incienso natural. La forma del producto puede variar. Origen Per\u00fa. Madera del \u00e1rbol bals\u00e1mico Bursera graveolens procedente de un cultivo sostenible certificado.<\/p>\n","protected":false},"featured_media":7302,"template":"","meta":{"inline_featured_image":false},"product_brand":[],"product_cat":[148],"product_tag":[],"class_list":{"0":"post-7245","1":"product","2":"type-product","3":"status-publish","4":"has-post-thumbnail","6":"product_cat-unkategorisiert-es","8":"first","9":"outofstock","10":"taxable","11":"shipping-taxable","12":"purchasable","13":"product-type-simple"},"yoast_head":"<!-- This site is optimized with the Yoast SEO plugin v27.3 - https:\/\/yoast.com\/product\/yoast-seo-wordpress\/ -->\n<title>Palo Santo (incienso) - CASA DE COCA \u2013<\/title>\n<meta name=\"robots\" content=\"index, follow, max-snippet:-1, max-image-preview:large, max-video-preview:-1\" \/>\n<link rel=\"canonical\" href=\"https:\/\/casa-de-coca.com\/es\/shop\/palo-santo-incienso\/\" \/>\n<meta property=\"og:locale\" content=\"es_ES\" \/>\n<meta property=\"og:type\" content=\"article\" \/>\n<meta property=\"og:title\" content=\"Palo Santo (incienso) - CASA DE COCA \u2013\" \/>\n<meta property=\"og:description\" content=\"Su efecto estimulante y su uso para la limpieza espiritual hacen de la madera sagrada de los incas una de las maderas de incienso m\u00e1s populares hoy en d\u00eda para la meditaci\u00f3n, el yoga y la aromatizaci\u00f3n de habitaciones. Con las esencias de menta, pino, lima y un aroma \u00fanico, el Palo Santo contribuye a la relajaci\u00f3n y al equilibrio interior positivo.   &nbsp;  Contenido: 5 maderas de incienso natural. La forma del producto puede variar. Origen Per\u00fa. Madera del \u00e1rbol bals\u00e1mico Bursera graveolens procedente de un cultivo sostenible certificado.\" \/>\n<meta property=\"og:url\" content=\"https:\/\/casa-de-coca.com\/es\/shop\/palo-santo-incienso\/\" \/>\n<meta property=\"og:site_name\" content=\"CASA DE COCA \u2013\" \/>\n<meta property=\"article:modified_time\" content=\"2022-08-26T09:13:55+00:00\" \/>\n<meta name=\"twitter:card\" content=\"summary_large_image\" \/>\n<meta name=\"twitter:label1\" content=\"Tiempo de lectura\" \/>\n\t<meta name=\"twitter:data1\" content=\"1 minuto\" \/>\n<script type=\"application\/ld+json\" class=\"yoast-schema-graph\">{\"@context\":\"https:\\\/\\\/schema.org\",\"@graph\":[{\"@type\":\"WebPage\",\"@id\":\"https:\\\/\\\/casa-de-coca.com\\\/es\\\/shop\\\/palo-santo-incienso\\\/\",\"url\":\"https:\\\/\\\/casa-de-coca.com\\\/es\\\/shop\\\/palo-santo-incienso\\\/\",\"name\":\"Palo Santo (incienso) - CASA DE COCA \u2013\",\"isPartOf\":{\"@id\":\"https:\\\/\\\/casa-de-coca.com\\\/es\\\/#website\"},\"primaryImageOfPage\":{\"@id\":\"https:\\\/\\\/casa-de-coca.com\\\/es\\\/shop\\\/palo-santo-incienso\\\/#primaryimage\"},\"image\":{\"@id\":\"https:\\\/\\\/casa-de-coca.com\\\/es\\\/shop\\\/palo-santo-incienso\\\/#primaryimage\"},\"thumbnailUrl\":\"https:\\\/\\\/casa-de-coca.com\\\/wp-content\\\/uploads\\\/2022\\\/07\\\/220323_CdC_hh_049_1200px.jpg\",\"datePublished\":\"2022-07-18T11:03:33+00:00\",\"dateModified\":\"2022-08-26T09:13:55+00:00\",\"breadcrumb\":{\"@id\":\"https:\\\/\\\/casa-de-coca.com\\\/es\\\/shop\\\/palo-santo-incienso\\\/#breadcrumb\"},\"inLanguage\":\"es\",\"potentialAction\":[{\"@type\":\"ReadAction\",\"target\":[\"https:\\\/\\\/casa-de-coca.com\\\/es\\\/shop\\\/palo-santo-incienso\\\/\"]}]},{\"@type\":\"ImageObject\",\"inLanguage\":\"es\",\"@id\":\"https:\\\/\\\/casa-de-coca.com\\\/es\\\/shop\\\/palo-santo-incienso\\\/#primaryimage\",\"url\":\"https:\\\/\\\/casa-de-coca.com\\\/wp-content\\\/uploads\\\/2022\\\/07\\\/220323_CdC_hh_049_1200px.jpg\",\"contentUrl\":\"https:\\\/\\\/casa-de-coca.com\\\/wp-content\\\/uploads\\\/2022\\\/07\\\/220323_CdC_hh_049_1200px.jpg\",\"width\":1200,\"height\":1200,\"caption\":\"Palo Santo Holz \u2013 Sticks aus Peru von Casa De Coca\"},{\"@type\":\"BreadcrumbList\",\"@id\":\"https:\\\/\\\/casa-de-coca.com\\\/es\\\/shop\\\/palo-santo-incienso\\\/#breadcrumb\",\"itemListElement\":[{\"@type\":\"ListItem\",\"position\":1,\"name\":\"Startseite\",\"item\":\"https:\\\/\\\/casa-de-coca.com\\\/es\\\/\"},{\"@type\":\"ListItem\",\"position\":2,\"name\":\"Productos\",\"item\":\"https:\\\/\\\/casa-de-coca.com\\\/es\\\/productos\\\/\"},{\"@type\":\"ListItem\",\"position\":3,\"name\":\"Palo Santo (incienso)\"}]},{\"@type\":\"WebSite\",\"@id\":\"https:\\\/\\\/casa-de-coca.com\\\/es\\\/#website\",\"url\":\"https:\\\/\\\/casa-de-coca.com\\\/es\\\/\",\"name\":\"CASA DE COCA \u2013\",\"description\":\"Parfum of the Inka\",\"potentialAction\":[{\"@type\":\"SearchAction\",\"target\":{\"@type\":\"EntryPoint\",\"urlTemplate\":\"https:\\\/\\\/casa-de-coca.com\\\/es\\\/?s={search_term_string}\"},\"query-input\":{\"@type\":\"PropertyValueSpecification\",\"valueRequired\":true,\"valueName\":\"search_term_string\"}}],\"inLanguage\":\"es\"}]}<\/script>\n<!-- \/ Yoast SEO plugin. -->","yoast_head_json":{"title":"Palo Santo (incienso) - CASA DE COCA \u2013","robots":{"index":"index","follow":"follow","max-snippet":"max-snippet:-1","max-image-preview":"max-image-preview:large","max-video-preview":"max-video-preview:-1"},"canonical":"https:\/\/casa-de-coca.com\/es\/shop\/palo-santo-incienso\/","og_locale":"es_ES","og_type":"article","og_title":"Palo Santo (incienso) - CASA DE COCA \u2013","og_description":"Su efecto estimulante y su uso para la limpieza espiritual hacen de la madera sagrada de los incas una de las maderas de incienso m\u00e1s populares hoy en d\u00eda para la meditaci\u00f3n, el yoga y la aromatizaci\u00f3n de habitaciones. Con las esencias de menta, pino, lima y un aroma \u00fanico, el Palo Santo contribuye a la relajaci\u00f3n y al equilibrio interior positivo.   &nbsp;  Contenido: 5 maderas de incienso natural. La forma del producto puede variar. Origen Per\u00fa. Madera del \u00e1rbol bals\u00e1mico Bursera graveolens procedente de un cultivo sostenible certificado.","og_url":"https:\/\/casa-de-coca.com\/es\/shop\/palo-santo-incienso\/","og_site_name":"CASA DE COCA \u2013","article_modified_time":"2022-08-26T09:13:55+00:00","twitter_card":"summary_large_image","twitter_misc":{"Tiempo de lectura":"1 minuto"},"schema":{"@context":"https:\/\/schema.org","@graph":[{"@type":"WebPage","@id":"https:\/\/casa-de-coca.com\/es\/shop\/palo-santo-incienso\/","url":"https:\/\/casa-de-coca.com\/es\/shop\/palo-santo-incienso\/","name":"Palo Santo (incienso) - CASA DE COCA \u2013","isPartOf":{"@id":"https:\/\/casa-de-coca.com\/es\/#website"},"primaryImageOfPage":{"@id":"https:\/\/casa-de-coca.com\/es\/shop\/palo-santo-incienso\/#primaryimage"},"image":{"@id":"https:\/\/casa-de-coca.com\/es\/shop\/palo-santo-incienso\/#primaryimage"},"thumbnailUrl":"https:\/\/casa-de-coca.com\/wp-content\/uploads\/2022\/07\/220323_CdC_hh_049_1200px.jpg","datePublished":"2022-07-18T11:03:33+00:00","dateModified":"2022-08-26T09:13:55+00:00","breadcrumb":{"@id":"https:\/\/casa-de-coca.com\/es\/shop\/palo-santo-incienso\/#breadcrumb"},"inLanguage":"es","potentialAction":[{"@type":"ReadAction","target":["https:\/\/casa-de-coca.com\/es\/shop\/palo-santo-incienso\/"]}]},{"@type":"ImageObject","inLanguage":"es","@id":"https:\/\/casa-de-coca.com\/es\/shop\/palo-santo-incienso\/#primaryimage","url":"https:\/\/casa-de-coca.com\/wp-content\/uploads\/2022\/07\/220323_CdC_hh_049_1200px.jpg","contentUrl":"https:\/\/casa-de-coca.com\/wp-content\/uploads\/2022\/07\/220323_CdC_hh_049_1200px.jpg","width":1200,"height":1200,"caption":"Palo Santo Holz \u2013 Sticks aus Peru von Casa De Coca"},{"@type":"BreadcrumbList","@id":"https:\/\/casa-de-coca.com\/es\/shop\/palo-santo-incienso\/#breadcrumb","itemListElement":[{"@type":"ListItem","position":1,"name":"Startseite","item":"https:\/\/casa-de-coca.com\/es\/"},{"@type":"ListItem","position":2,"name":"Productos","item":"https:\/\/casa-de-coca.com\/es\/productos\/"},{"@type":"ListItem","position":3,"name":"Palo Santo (incienso)"}]},{"@type":"WebSite","@id":"https:\/\/casa-de-coca.com\/es\/#website","url":"https:\/\/casa-de-coca.com\/es\/","name":"CASA DE COCA \u2013","description":"Parfum of the Inka","potentialAction":[{"@type":"SearchAction","target":{"@type":"EntryPoint","urlTemplate":"https:\/\/casa-de-coca.com\/es\/?s={search_term_string}"},"query-input":{"@type":"PropertyValueSpecification","valueRequired":true,"valueName":"search_term_string"}}],"inLanguage":"es"}]}},"_links":{"self":[{"href":"https:\/\/casa-de-coca.com\/es\/wp-json\/wp\/v2\/product\/7245","targetHints":{"allow":["GET"]}}],"collection":[{"href":"https:\/\/casa-de-coca.com\/es\/wp-json\/wp\/v2\/product"}],"about":[{"href":"https:\/\/casa-de-coca.com\/es\/wp-json\/wp\/v2\/types\/product"}],"wp:featuredmedia":[{"embeddable":true,"href":"https:\/\/casa-de-coca.com\/es\/wp-json\/wp\/v2\/media\/7302"}],"wp:attachment":[{"href":"https:\/\/casa-de-coca.com\/es\/wp-json\/wp\/v2\/media?parent=7245"}],"wp:term":[{"taxonomy":"product_brand","embeddable":true,"href":"https:\/\/casa-de-coca.com\/es\/wp-json\/wp\/v2\/product_brand?post=7245"},{"taxonomy":"product_cat","embeddable":true,"href":"https:\/\/casa-de-coca.com\/es\/wp-json\/wp\/v2\/product_cat?post=7245"},{"taxonomy":"product_tag","embeddable":true,"href":"https:\/\/casa-de-coca.com\/es\/wp-json\/wp\/v2\/product_tag?post=7245"}],"curies":[{"name":"wp","href":"https:\/\/api.w.org\/{rel}","templated":true}]}}